{"id":8294,"date":"2025-08-18T09:26:30","date_gmt":"2025-08-18T07:26:30","guid":{"rendered":"https:\/\/brand.peter-kaiser.com\/?page_id=8294"},"modified":"2026-01-19T12:17:37","modified_gmt":"2026-01-19T11:17:37","slug":"savoir-faire","status":"publish","type":"page","link":"https:\/\/brand.peter-kaiser.com\/fr\/savoir-faire\/","title":{"rendered":"Savoir-Faire"},"content":{"rendered":"\t\t<div data-elementor-type=\"wp-page\" data-elementor-id=\"8294\" class=\"elementor elementor-8294 elementor-8290\" data-elementor-post-type=\"page\">\n\t\t\t\t<div class=\"elementor-element elementor-element-33ba638f e-con-full e-flex e-con e-parent\" data-id=\"33ba638f\" data-element_type=\"container\" data-e-type=\"container\" data-settings=\"{&quot;background_background&quot;:&quot;classic&quot;}\">\n\t\t<div class=\"elementor-element elementor-element-ccf7c3c e-con-full e-flex e-con e-child\" data-id=\"ccf7c3c\" data-element_type=\"container\" data-e-type=\"container\" data-settings=\"{&quot;background_background&quot;:&quot;classic&quot;}\">\n\t\t\t\t<\/div>\n\t\t<div class=\"elementor-element elementor-element-8455cc3 e-con-full e-flex e-con e-child\" data-id=\"8455cc3\" data-element_type=\"container\" data-e-type=\"container\">\n\t\t\t\t<div class=\"elementor-element elementor-element-dd06526 elementor-widget-tablet__width-inherit elementor-widget elementor-widget-heading\" data-id=\"dd06526\" data-element_type=\"widget\" data-e-type=\"widget\" data-widget_type=\"heading.default\">\n\t\t\t\t<div class=\"elementor-widget-container\">\n\t\t\t\t\t<h1 class=\"elementor-heading-title elementor-size-default\">L\u2019excellence dans chaque d\u00e9tail<\/h1>\t\t\t\t<\/div>\n\t\t\t\t<\/div>\n\t\t\t\t<div class=\"elementor-element elementor-element-570dd81c elementor-widget-tablet__width-inherit elementor-widget elementor-widget-heading\" data-id=\"570dd81c\" data-element_type=\"widget\" data-e-type=\"widget\" data-widget_type=\"heading.default\">\n\t\t\t\t<div class=\"elementor-widget-container\">\n\t\t\t\t\t<h1 class=\"elementor-heading-title elementor-size-default\">L'essence m\u00eame de PETER KAISER<\/h1>\t\t\t\t<\/div>\n\t\t\t\t<\/div>\n\t\t\t\t<div class=\"elementor-element elementor-element-83cdcec elementor-widget elementor-widget-spacer\" data-id=\"83cdcec\" data-element_type=\"widget\" data-e-type=\"widget\" data-widget_type=\"spacer.default\">\n\t\t\t\t<div class=\"elementor-widget-container\">\n\t\t\t\t\t\t\t<div class=\"elementor-spacer\">\n\t\t\t<div class=\"elementor-spacer-inner\"><\/div>\n\t\t<\/div>\n\t\t\t\t\t\t<\/div>\n\t\t\t\t<\/div>\n\t\t\t\t<div class=\"elementor-element elementor-element-4556c6e elementor-widget elementor-widget-text-editor\" data-id=\"4556c6e\" data-element_type=\"widget\" data-e-type=\"widget\" data-widget_type=\"text-editor.default\">\n\t\t\t\t<div class=\"elementor-widget-container\">\n\t\t\t\t\t\t\t\t\t<p>Pr\u00e9cision, savoir-faire et mat\u00e9riaux de haute qualit\u00e9 font des souliers PETER KAISER des pi\u00e8ces uniques. Ce sont souvent les d\u00e9tails les plus subtils qui fa\u00e7onnent la perfection, reflet d\u2019une qu\u00eate constante d\u2019excellence pour cr\u00e9er des chaussures d\u2019exception.   <\/p>\t\t\t\t\t\t\t\t<\/div>\n\t\t\t\t<\/div>\n\t\t\t\t<\/div>\n\t\t\t\t<\/div>\n\t\t<div class=\"elementor-element elementor-element-d25d872 e-flex e-con-boxed e-con e-parent\" data-id=\"d25d872\" data-element_type=\"container\" data-e-type=\"container\">\n\t\t\t\t\t<div class=\"e-con-inner\">\n\t\t\t\t<div class=\"elementor-element elementor-element-22940d5 elementor-widget elementor-widget-spacer\" data-id=\"22940d5\" data-element_type=\"widget\" data-e-type=\"widget\" data-widget_type=\"spacer.default\">\n\t\t\t\t<div class=\"elementor-widget-container\">\n\t\t\t\t\t\t\t<div class=\"elementor-spacer\">\n\t\t\t<div class=\"elementor-spacer-inner\"><\/div>\n\t\t<\/div>\n\t\t\t\t\t\t<\/div>\n\t\t\t\t<\/div>\n\t\t\t\t\t<\/div>\n\t\t\t\t<\/div>\n\t\t<div class=\"elementor-element elementor-element-8593686 e-flex e-con-boxed e-con e-parent\" data-id=\"8593686\" data-element_type=\"container\" data-e-type=\"container\">\n\t\t\t\t\t<div class=\"e-con-inner\">\n\t\t\t\t<div class=\"elementor-element elementor-element-9e26a23 elementor-widget elementor-widget-spacer\" data-id=\"9e26a23\" data-element_type=\"widget\" data-e-type=\"widget\" data-widget_type=\"spacer.default\">\n\t\t\t\t<div class=\"elementor-widget-container\">\n\t\t\t\t\t\t\t<div class=\"elementor-spacer\">\n\t\t\t<div class=\"elementor-spacer-inner\"><\/div>\n\t\t<\/div>\n\t\t\t\t\t\t<\/div>\n\t\t\t\t<\/div>\n\t\t\t\t<div class=\"elementor-element elementor-element-9150c91 elementor-widget elementor-widget-heading\" data-id=\"9150c91\" data-element_type=\"widget\" data-e-type=\"widget\" data-widget_type=\"heading.default\">\n\t\t\t\t<div class=\"elementor-widget-container\">\n\t\t\t\t\t<h1 class=\"elementor-heading-title elementor-size-default\">Les Points forts<\/h1>\t\t\t\t<\/div>\n\t\t\t\t<\/div>\n\t\t\t\t<div class=\"elementor-element elementor-element-961ef7e elementor-widget elementor-widget-spacer\" data-id=\"961ef7e\" data-element_type=\"widget\" data-e-type=\"widget\" data-widget_type=\"spacer.default\">\n\t\t\t\t<div class=\"elementor-widget-container\">\n\t\t\t\t\t\t\t<div class=\"elementor-spacer\">\n\t\t\t<div class=\"elementor-spacer-inner\"><\/div>\n\t\t<\/div>\n\t\t\t\t\t\t<\/div>\n\t\t\t\t<\/div>\n\t\t\t\t\t<\/div>\n\t\t\t\t<\/div>\n\t\t<div class=\"elementor-element elementor-element-40bfbbe e-flex e-con-boxed e-con e-parent\" data-id=\"40bfbbe\" data-element_type=\"container\" data-e-type=\"container\" data-settings=\"{&quot;background_background&quot;:&quot;classic&quot;}\">\n\t\t\t\t\t<div class=\"e-con-inner\">\n\t\t<div class=\"elementor-element elementor-element-5b5b51f e-transform e-flex e-con-boxed e-con e-child\" data-id=\"5b5b51f\" data-element_type=\"container\" data-e-type=\"container\" data-settings=\"{&quot;background_background&quot;:&quot;classic&quot;,&quot;_transform_translateX_effect&quot;:{&quot;unit&quot;:&quot;px&quot;,&quot;size&quot;:&quot;&quot;,&quot;sizes&quot;:[]},&quot;_transform_translateX_effect_widescreen&quot;:{&quot;unit&quot;:&quot;px&quot;,&quot;size&quot;:&quot;&quot;,&quot;sizes&quot;:[]},&quot;_transform_translateX_effect_laptop&quot;:{&quot;unit&quot;:&quot;px&quot;,&quot;size&quot;:&quot;&quot;,&quot;sizes&quot;:[]},&quot;_transform_translateX_effect_tablet&quot;:{&quot;unit&quot;:&quot;px&quot;,&quot;size&quot;:&quot;&quot;,&quot;sizes&quot;:[]},&quot;_transform_translateX_effect_mobile_extra&quot;:{&quot;unit&quot;:&quot;px&quot;,&quot;size&quot;:&quot;&quot;,&quot;sizes&quot;:[]},&quot;_transform_translateX_effect_mobile&quot;:{&quot;unit&quot;:&quot;px&quot;,&quot;size&quot;:&quot;&quot;,&quot;sizes&quot;:[]},&quot;_transform_translateY_effect&quot;:{&quot;unit&quot;:&quot;px&quot;,&quot;size&quot;:&quot;&quot;,&quot;sizes&quot;:[]},&quot;_transform_translateY_effect_widescreen&quot;:{&quot;unit&quot;:&quot;px&quot;,&quot;size&quot;:&quot;&quot;,&quot;sizes&quot;:[]},&quot;_transform_translateY_effect_laptop&quot;:{&quot;unit&quot;:&quot;px&quot;,&quot;size&quot;:&quot;&quot;,&quot;sizes&quot;:[]},&quot;_transform_translateY_effect_tablet&quot;:{&quot;unit&quot;:&quot;px&quot;,&quot;size&quot;:&quot;&quot;,&quot;sizes&quot;:[]},&quot;_transform_translateY_effect_mobile_extra&quot;:{&quot;unit&quot;:&quot;px&quot;,&quot;size&quot;:&quot;&quot;,&quot;sizes&quot;:[]},&quot;_transform_translateY_effect_mobile&quot;:{&quot;unit&quot;:&quot;px&quot;,&quot;size&quot;:&quot;&quot;,&quot;sizes&quot;:[]}}\">\n\t\t\t\t\t<div class=\"e-con-inner\">\n\t\t<div class=\"elementor-element elementor-element-0626186 e-con-full e-flex e-con e-child\" data-id=\"0626186\" data-element_type=\"container\" data-e-type=\"container\">\n\t\t<a class=\"elementor-element elementor-element-af48ede e-con-full e-flex e-con e-child\" data-id=\"af48ede\" data-element_type=\"container\" data-e-type=\"container\" data-settings=\"{&quot;background_background&quot;:&quot;classic&quot;}\" href=\"https:\/\/brand.peter-kaiser.com\/fr\/nos-formes\/\">\n\t\t\t\t<\/a>\n\t\t<div class=\"elementor-element elementor-element-40e6c1d e-con-full e-flex e-con e-child\" data-id=\"40e6c1d\" data-element_type=\"container\" data-e-type=\"container\" data-settings=\"{&quot;background_background&quot;:&quot;classic&quot;}\">\n\t\t\t\t<div class=\"elementor-element elementor-element-0272d5d elementor-widget-tablet__width-auto elementor-widget elementor-widget-heading\" data-id=\"0272d5d\" data-element_type=\"widget\" data-e-type=\"widget\" data-widget_type=\"heading.default\">\n\t\t\t\t<div class=\"elementor-widget-container\">\n\t\t\t\t\t<h2 class=\"elementor-heading-title elementor-size-default\">Nos formes<\/h2>\t\t\t\t<\/div>\n\t\t\t\t<\/div>\n\t\t\t\t<div class=\"elementor-element elementor-element-8c46919 elementor-widget elementor-widget-button\" data-id=\"8c46919\" data-element_type=\"widget\" data-e-type=\"widget\" data-widget_type=\"button.default\">\n\t\t\t\t<div class=\"elementor-widget-container\">\n\t\t\t\t\t\t\t\t\t<div class=\"elementor-button-wrapper\">\n\t\t\t\t\t<a class=\"elementor-button elementor-button-link elementor-size-sm\" href=\"https:\/\/brand.peter-kaiser.com\/fr\/nos-formes\/\">\n\t\t\t\t\t\t<span class=\"elementor-button-content-wrapper\">\n\t\t\t\t\t\t\t\t\t<span class=\"elementor-button-text\">D\u00e9couvrir<\/span>\n\t\t\t\t\t<\/span>\n\t\t\t\t\t<\/a>\n\t\t\t\t<\/div>\n\t\t\t\t\t\t\t\t<\/div>\n\t\t\t\t<\/div>\n\t\t\t\t<\/div>\n\t\t\t\t<\/div>\n\t\t<div class=\"elementor-element elementor-element-b3cfa47 e-con-full e-flex e-con e-child\" data-id=\"b3cfa47\" data-element_type=\"container\" data-e-type=\"container\">\n\t\t<a class=\"elementor-element elementor-element-5409ded e-con-full e-flex e-con e-child\" data-id=\"5409ded\" data-element_type=\"container\" data-e-type=\"container\" data-settings=\"{&quot;background_background&quot;:&quot;classic&quot;}\" href=\"https:\/\/brand.peter-kaiser.com\/fr\/nos-materiaux\/\">\n\t\t\t\t<\/a>\n\t\t<div class=\"elementor-element elementor-element-1726b7e e-con-full e-flex e-con e-child\" data-id=\"1726b7e\" data-element_type=\"container\" data-e-type=\"container\" data-settings=\"{&quot;background_background&quot;:&quot;classic&quot;}\">\n\t\t\t\t<div class=\"elementor-element elementor-element-cbcabd1 elementor-widget-tablet__width-auto elementor-widget elementor-widget-heading\" data-id=\"cbcabd1\" data-element_type=\"widget\" data-e-type=\"widget\" data-widget_type=\"heading.default\">\n\t\t\t\t<div class=\"elementor-widget-container\">\n\t\t\t\t\t<h1 class=\"elementor-heading-title elementor-size-default\">Nos mat\u00e9riaux<\/h1>\t\t\t\t<\/div>\n\t\t\t\t<\/div>\n\t\t\t\t<div class=\"elementor-element elementor-element-49f2552 elementor-widget elementor-widget-button\" data-id=\"49f2552\" data-element_type=\"widget\" data-e-type=\"widget\" data-widget_type=\"button.default\">\n\t\t\t\t<div class=\"elementor-widget-container\">\n\t\t\t\t\t\t\t\t\t<div class=\"elementor-button-wrapper\">\n\t\t\t\t\t<a class=\"elementor-button elementor-button-link elementor-size-sm\" href=\"https:\/\/brand.peter-kaiser.com\/fr\/nos-materiaux\/\">\n\t\t\t\t\t\t<span class=\"elementor-button-content-wrapper\">\n\t\t\t\t\t\t\t\t\t<span class=\"elementor-button-text\">D\u00e9couvrir<\/span>\n\t\t\t\t\t<\/span>\n\t\t\t\t\t<\/a>\n\t\t\t\t<\/div>\n\t\t\t\t\t\t\t\t<\/div>\n\t\t\t\t<\/div>\n\t\t\t\t<\/div>\n\t\t\t\t<\/div>\n\t\t<div class=\"elementor-element elementor-element-e44c2ac e-con-full e-flex e-con e-child\" data-id=\"e44c2ac\" data-element_type=\"container\" data-e-type=\"container\">\n\t\t<a class=\"elementor-element elementor-element-a8a45e0 e-con-full e-flex e-con e-child\" data-id=\"a8a45e0\" data-element_type=\"container\" data-e-type=\"container\" data-settings=\"{&quot;background_background&quot;:&quot;classic&quot;}\" href=\"https:\/\/brand.peter-kaiser.com\/fr\/nos-doublures-en-cuir\/\">\n\t\t\t\t<\/a>\n\t\t<div class=\"elementor-element elementor-element-827bcb9 e-con-full e-flex e-con e-child\" data-id=\"827bcb9\" data-element_type=\"container\" data-e-type=\"container\" data-settings=\"{&quot;background_background&quot;:&quot;classic&quot;}\">\n\t\t\t\t<div class=\"elementor-element elementor-element-f10d61b elementor-widget-tablet__width-auto elementor-widget elementor-widget-heading\" data-id=\"f10d61b\" data-element_type=\"widget\" data-e-type=\"widget\" data-widget_type=\"heading.default\">\n\t\t\t\t<div class=\"elementor-widget-container\">\n\t\t\t\t\t<h2 class=\"elementor-heading-title elementor-size-default\">Nos doublures en cuir<\/h2>\t\t\t\t<\/div>\n\t\t\t\t<\/div>\n\t\t\t\t<div class=\"elementor-element elementor-element-3ace2c9 elementor-widget elementor-widget-button\" data-id=\"3ace2c9\" data-element_type=\"widget\" data-e-type=\"widget\" data-widget_type=\"button.default\">\n\t\t\t\t<div class=\"elementor-widget-container\">\n\t\t\t\t\t\t\t\t\t<div class=\"elementor-button-wrapper\">\n\t\t\t\t\t<a class=\"elementor-button elementor-button-link elementor-size-sm\" href=\"https:\/\/brand.peter-kaiser.com\/fr\/nos-doublures-en-cuir\/\">\n\t\t\t\t\t\t<span class=\"elementor-button-content-wrapper\">\n\t\t\t\t\t\t\t\t\t<span class=\"elementor-button-text\">D\u00e9couvrir<\/span>\n\t\t\t\t\t<\/span>\n\t\t\t\t\t<\/a>\n\t\t\t\t<\/div>\n\t\t\t\t\t\t\t\t<\/div>\n\t\t\t\t<\/div>\n\t\t\t\t<\/div>\n\t\t\t\t<\/div>\n\t\t<div class=\"elementor-element elementor-element-5af5786 e-con-full e-flex e-con e-child\" data-id=\"5af5786\" data-element_type=\"container\" data-e-type=\"container\">\n\t\t<a class=\"elementor-element elementor-element-9a3a238 e-con-full e-flex e-con e-child\" data-id=\"9a3a238\" data-element_type=\"container\" data-e-type=\"container\" data-settings=\"{&quot;background_background&quot;:&quot;classic&quot;}\" href=\"https:\/\/brand.peter-kaiser.com\/fr\/les-semelles\/\">\n\t\t\t\t<\/a>\n\t\t<div class=\"elementor-element elementor-element-c0b9ac0 e-con-full e-flex e-con e-child\" data-id=\"c0b9ac0\" data-element_type=\"container\" data-e-type=\"container\" data-settings=\"{&quot;background_background&quot;:&quot;classic&quot;}\">\n\t\t\t\t<div class=\"elementor-element elementor-element-41dcd03 elementor-widget-tablet__width-auto elementor-widget elementor-widget-heading\" data-id=\"41dcd03\" data-element_type=\"widget\" data-e-type=\"widget\" data-widget_type=\"heading.default\">\n\t\t\t\t<div class=\"elementor-widget-container\">\n\t\t\t\t\t<h2 class=\"elementor-heading-title elementor-size-default\">Les semelles<\/h2>\t\t\t\t<\/div>\n\t\t\t\t<\/div>\n\t\t\t\t<div class=\"elementor-element elementor-element-ea02e6d elementor-widget elementor-widget-button\" data-id=\"ea02e6d\" data-element_type=\"widget\" data-e-type=\"widget\" data-widget_type=\"button.default\">\n\t\t\t\t<div class=\"elementor-widget-container\">\n\t\t\t\t\t\t\t\t\t<div class=\"elementor-button-wrapper\">\n\t\t\t\t\t<a class=\"elementor-button elementor-button-link elementor-size-sm\" href=\"https:\/\/brand.peter-kaiser.com\/fr\/les-semelles\/\">\n\t\t\t\t\t\t<span class=\"elementor-button-content-wrapper\">\n\t\t\t\t\t\t\t\t\t<span class=\"elementor-button-text\">D\u00e9couvrir<\/span>\n\t\t\t\t\t<\/span>\n\t\t\t\t\t<\/a>\n\t\t\t\t<\/div>\n\t\t\t\t\t\t\t\t<\/div>\n\t\t\t\t<\/div>\n\t\t\t\t<\/div>\n\t\t\t\t<\/div>\n\t\t\t\t\t<\/div>\n\t\t\t\t<\/div>\n\t\t\t\t\t<\/div>\n\t\t\t\t<\/div>\n\t\t\t\t<\/div>\n\t\t","protected":false},"excerpt":{"rendered":"<p>L\u2019excellence dans chaque d\u00e9tail L&rsquo;essence m\u00eame de PETER KAISER Pr\u00e9cision, savoir-faire et mat\u00e9riaux de haute qualit\u00e9 font des souliers PETER KAISER des pi\u00e8ces uniques. Ce sont souvent les d\u00e9tails les plus subtils qui fa\u00e7onnent la perfection, reflet d\u2019une qu\u00eate constante d\u2019excellence pour cr\u00e9er des chaussures d\u2019exception. Les Points forts Nos formes D\u00e9couvrir Nos mat\u00e9riaux D\u00e9couvrir [&hellip;]<\/p>\n","protected":false},"author":2,"featured_media":0,"parent":0,"menu_order":0,"comment_status":"closed","ping_status":"closed","template":"","meta":{"inline_featured_image":false,"footnotes":""},"class_list":["post-8294","page","type-page","status-publish","hentry"],"yoast_head":"<!-- This site is optimized with the Yoast SEO plugin v27.0 - https:\/\/yoast.com\/product\/yoast-seo-wordpress\/ -->\n<title>Savoir-Faire - PETER KAISER BRAND<\/title>\n<meta name=\"description\" content=\"D\u00e9couvrez la collection Peter Kaiser FS26 : l&#039;\u00e9l\u00e9gance intemporelle rencontre la l\u00e9g\u00e8ret\u00e9 moderne. Chaussures et accessoires haut de gamme pour femmes pour le printemps\/\u00e9t\u00e9 2026.\" \/>\n<meta name=\"robots\" content=\"index, follow, max-snippet:-1, max-image-preview:large, max-video-preview:-1\" \/>\n<link rel=\"canonical\" href=\"https:\/\/brand.peter-kaiser.com\/fr\/savoir-faire\/\" \/>\n<meta property=\"og:locale\" content=\"fr_FR\" \/>\n<meta property=\"og:type\" content=\"article\" \/>\n<meta property=\"og:title\" content=\"Savoir-Faire - PETER KAISER BRAND\" \/>\n<meta property=\"og:description\" content=\"D\u00e9couvrez la collection Peter Kaiser FS26 : l&#039;\u00e9l\u00e9gance intemporelle rencontre la l\u00e9g\u00e8ret\u00e9 moderne. Chaussures et accessoires haut de gamme pour femmes pour le printemps\/\u00e9t\u00e9 2026.\" \/>\n<meta property=\"og:url\" content=\"https:\/\/brand.peter-kaiser.com\/fr\/savoir-faire\/\" \/>\n<meta property=\"og:site_name\" content=\"PETER KAISER BRAND\" \/>\n<meta property=\"article:publisher\" content=\"https:\/\/www.facebook.com\/peterkaiser.de\" \/>\n<meta property=\"article:modified_time\" content=\"2026-01-19T11:17:37+00:00\" \/>\n<meta property=\"og:image\" content=\"https:\/\/brand.peter-kaiser.com\/wp-content\/uploads\/2025\/10\/Screenshot-2025-10-09-103241.png\" \/>\n\t<meta property=\"og:image:width\" content=\"1874\" \/>\n\t<meta property=\"og:image:height\" content=\"898\" \/>\n\t<meta property=\"og:image:type\" content=\"image\/png\" \/>\n<meta name=\"twitter:card\" content=\"summary_large_image\" \/>\n<script type=\"application\/ld+json\" class=\"yoast-schema-graph\">{\"@context\":\"https:\/\/schema.org\",\"@graph\":[{\"@type\":\"WebPage\",\"@id\":\"https:\/\/brand.peter-kaiser.com\/fr\/savoir-faire\/\",\"url\":\"https:\/\/brand.peter-kaiser.com\/fr\/savoir-faire\/\",\"name\":\"Savoir-Faire - PETER KAISER BRAND\",\"isPartOf\":{\"@id\":\"https:\/\/brand.peter-kaiser.com\/fr\/#website\"},\"datePublished\":\"2025-08-18T07:26:30+00:00\",\"dateModified\":\"2026-01-19T11:17:37+00:00\",\"description\":\"D\u00e9couvrez la collection Peter Kaiser FS26 : l'\u00e9l\u00e9gance intemporelle rencontre la l\u00e9g\u00e8ret\u00e9 moderne. Chaussures et accessoires haut de gamme pour femmes pour le printemps\/\u00e9t\u00e9 2026.\",\"breadcrumb\":{\"@id\":\"https:\/\/brand.peter-kaiser.com\/fr\/savoir-faire\/#breadcrumb\"},\"inLanguage\":\"fr-FR\",\"potentialAction\":[{\"@type\":\"ReadAction\",\"target\":[\"https:\/\/brand.peter-kaiser.com\/fr\/savoir-faire\/\"]}]},{\"@type\":\"BreadcrumbList\",\"@id\":\"https:\/\/brand.peter-kaiser.com\/fr\/savoir-faire\/#breadcrumb\",\"itemListElement\":[{\"@type\":\"ListItem\",\"position\":1,\"name\":\"Accueil\",\"item\":\"https:\/\/brand.peter-kaiser.com\/fr\/\"},{\"@type\":\"ListItem\",\"position\":2,\"name\":\"Savoir-Faire\"}]},{\"@type\":\"WebSite\",\"@id\":\"https:\/\/brand.peter-kaiser.com\/fr\/#website\",\"url\":\"https:\/\/brand.peter-kaiser.com\/fr\/\",\"name\":\"PETER KAISER Brand\",\"description\":\"beatifulsince1838\",\"publisher\":{\"@id\":\"https:\/\/brand.peter-kaiser.com\/fr\/#organization\"},\"alternateName\":\"PETER KAISER Brand\",\"potentialAction\":[{\"@type\":\"SearchAction\",\"target\":{\"@type\":\"EntryPoint\",\"urlTemplate\":\"https:\/\/brand.peter-kaiser.com\/fr\/?s={search_term_string}\"},\"query-input\":{\"@type\":\"PropertyValueSpecification\",\"valueRequired\":true,\"valueName\":\"search_term_string\"}}],\"inLanguage\":\"fr-FR\"},{\"@type\":\"Organization\",\"@id\":\"https:\/\/brand.peter-kaiser.com\/fr\/#organization\",\"name\":\"PETER KAISER BRAND\",\"url\":\"https:\/\/brand.peter-kaiser.com\/fr\/\",\"logo\":{\"@type\":\"ImageObject\",\"inLanguage\":\"fr-FR\",\"@id\":\"https:\/\/brand.peter-kaiser.com\/fr\/#\/schema\/logo\/image\/\",\"url\":\"https:\/\/brand.peter-kaiser.com\/wp-content\/uploads\/2024\/06\/Champagne-PK-Logo-with-Slogan-2.svg\",\"contentUrl\":\"https:\/\/brand.peter-kaiser.com\/wp-content\/uploads\/2024\/06\/Champagne-PK-Logo-with-Slogan-2.svg\",\"width\":100,\"height\":100,\"caption\":\"PETER KAISER BRAND\"},\"image\":{\"@id\":\"https:\/\/brand.peter-kaiser.com\/fr\/#\/schema\/logo\/image\/\"},\"sameAs\":[\"https:\/\/www.facebook.com\/peterkaiser.de\",\"https:\/\/www.instagram.com\/peterkaiser_official\/\",\"https:\/\/www.linkedin.com\/showcase\/peter-kaiser\",\"https:\/\/www.youtube.com\/@PETER-KAISER\"]}]}<\/script>\n<!-- \/ Yoast SEO plugin. -->","yoast_head_json":{"title":"Savoir-Faire - PETER KAISER BRAND","description":"D\u00e9couvrez la collection Peter Kaiser FS26 : l'\u00e9l\u00e9gance intemporelle rencontre la l\u00e9g\u00e8ret\u00e9 moderne. Chaussures et accessoires haut de gamme pour femmes pour le printemps\/\u00e9t\u00e9 2026.","robots":{"index":"index","follow":"follow","max-snippet":"max-snippet:-1","max-image-preview":"max-image-preview:large","max-video-preview":"max-video-preview:-1"},"canonical":"https:\/\/brand.peter-kaiser.com\/fr\/savoir-faire\/","og_locale":"fr_FR","og_type":"article","og_title":"Savoir-Faire - PETER KAISER BRAND","og_description":"D\u00e9couvrez la collection Peter Kaiser FS26 : l'\u00e9l\u00e9gance intemporelle rencontre la l\u00e9g\u00e8ret\u00e9 moderne. Chaussures et accessoires haut de gamme pour femmes pour le printemps\/\u00e9t\u00e9 2026.","og_url":"https:\/\/brand.peter-kaiser.com\/fr\/savoir-faire\/","og_site_name":"PETER KAISER BRAND","article_publisher":"https:\/\/www.facebook.com\/peterkaiser.de","article_modified_time":"2026-01-19T11:17:37+00:00","og_image":[{"width":1874,"height":898,"url":"https:\/\/brand.peter-kaiser.com\/wp-content\/uploads\/2025\/10\/Screenshot-2025-10-09-103241.png","type":"image\/png"}],"twitter_card":"summary_large_image","schema":{"@context":"https:\/\/schema.org","@graph":[{"@type":"WebPage","@id":"https:\/\/brand.peter-kaiser.com\/fr\/savoir-faire\/","url":"https:\/\/brand.peter-kaiser.com\/fr\/savoir-faire\/","name":"Savoir-Faire - PETER KAISER BRAND","isPartOf":{"@id":"https:\/\/brand.peter-kaiser.com\/fr\/#website"},"datePublished":"2025-08-18T07:26:30+00:00","dateModified":"2026-01-19T11:17:37+00:00","description":"D\u00e9couvrez la collection Peter Kaiser FS26 : l'\u00e9l\u00e9gance intemporelle rencontre la l\u00e9g\u00e8ret\u00e9 moderne. Chaussures et accessoires haut de gamme pour femmes pour le printemps\/\u00e9t\u00e9 2026.","breadcrumb":{"@id":"https:\/\/brand.peter-kaiser.com\/fr\/savoir-faire\/#breadcrumb"},"inLanguage":"fr-FR","potentialAction":[{"@type":"ReadAction","target":["https:\/\/brand.peter-kaiser.com\/fr\/savoir-faire\/"]}]},{"@type":"BreadcrumbList","@id":"https:\/\/brand.peter-kaiser.com\/fr\/savoir-faire\/#breadcrumb","itemListElement":[{"@type":"ListItem","position":1,"name":"Accueil","item":"https:\/\/brand.peter-kaiser.com\/fr\/"},{"@type":"ListItem","position":2,"name":"Savoir-Faire"}]},{"@type":"WebSite","@id":"https:\/\/brand.peter-kaiser.com\/fr\/#website","url":"https:\/\/brand.peter-kaiser.com\/fr\/","name":"PETER KAISER Brand","description":"beatifulsince1838","publisher":{"@id":"https:\/\/brand.peter-kaiser.com\/fr\/#organization"},"alternateName":"PETER KAISER Brand","potentialAction":[{"@type":"SearchAction","target":{"@type":"EntryPoint","urlTemplate":"https:\/\/brand.peter-kaiser.com\/fr\/?s={search_term_string}"},"query-input":{"@type":"PropertyValueSpecification","valueRequired":true,"valueName":"search_term_string"}}],"inLanguage":"fr-FR"},{"@type":"Organization","@id":"https:\/\/brand.peter-kaiser.com\/fr\/#organization","name":"PETER KAISER BRAND","url":"https:\/\/brand.peter-kaiser.com\/fr\/","logo":{"@type":"ImageObject","inLanguage":"fr-FR","@id":"https:\/\/brand.peter-kaiser.com\/fr\/#\/schema\/logo\/image\/","url":"https:\/\/brand.peter-kaiser.com\/wp-content\/uploads\/2024\/06\/Champagne-PK-Logo-with-Slogan-2.svg","contentUrl":"https:\/\/brand.peter-kaiser.com\/wp-content\/uploads\/2024\/06\/Champagne-PK-Logo-with-Slogan-2.svg","width":100,"height":100,"caption":"PETER KAISER BRAND"},"image":{"@id":"https:\/\/brand.peter-kaiser.com\/fr\/#\/schema\/logo\/image\/"},"sameAs":["https:\/\/www.facebook.com\/peterkaiser.de","https:\/\/www.instagram.com\/peterkaiser_official\/","https:\/\/www.linkedin.com\/showcase\/peter-kaiser","https:\/\/www.youtube.com\/@PETER-KAISER"]}]}},"_links":{"self":[{"href":"https:\/\/brand.peter-kaiser.com\/fr\/wp-json\/wp\/v2\/pages\/8294","targetHints":{"allow":["GET"]}}],"collection":[{"href":"https:\/\/brand.peter-kaiser.com\/fr\/wp-json\/wp\/v2\/pages"}],"about":[{"href":"https:\/\/brand.peter-kaiser.com\/fr\/wp-json\/wp\/v2\/types\/page"}],"author":[{"embeddable":true,"href":"https:\/\/brand.peter-kaiser.com\/fr\/wp-json\/wp\/v2\/users\/2"}],"replies":[{"embeddable":true,"href":"https:\/\/brand.peter-kaiser.com\/fr\/wp-json\/wp\/v2\/comments?post=8294"}],"version-history":[{"count":8,"href":"https:\/\/brand.peter-kaiser.com\/fr\/wp-json\/wp\/v2\/pages\/8294\/revisions"}],"predecessor-version":[{"id":8379,"href":"https:\/\/brand.peter-kaiser.com\/fr\/wp-json\/wp\/v2\/pages\/8294\/revisions\/8379"}],"wp:attachment":[{"href":"https:\/\/brand.peter-kaiser.com\/fr\/wp-json\/wp\/v2\/media?parent=8294"}],"curies":[{"name":"wp","href":"https:\/\/api.w.org\/{rel}","templated":true}]}}