{"id":7957,"date":"2025-07-23T12:04:48","date_gmt":"2025-07-23T10:04:48","guid":{"rendered":"https:\/\/brand.peter-kaiser.com\/printemps-ete-2026\/"},"modified":"2026-01-19T14:37:36","modified_gmt":"2026-01-19T13:37:36","slug":"printemps-ete-2026","status":"publish","type":"page","link":"https:\/\/brand.peter-kaiser.com\/fr\/printemps-ete-2026\/","title":{"rendered":"Printemps\/\u00c9t\u00e9 2026"},"content":{"rendered":"\t\t<div data-elementor-type=\"wp-page\" data-elementor-id=\"7957\" class=\"elementor elementor-7957 elementor-7118\" data-elementor-post-type=\"page\">\n\t\t\t\t<div class=\"elementor-element elementor-element-33ba638f e-con-full e-flex e-con e-parent\" data-id=\"33ba638f\" data-element_type=\"container\" data-e-type=\"container\" data-settings=\"{&quot;background_background&quot;:&quot;classic&quot;}\">\n\t\t<div class=\"elementor-element elementor-element-ccf7c3c e-con-full e-flex e-con e-child\" data-id=\"ccf7c3c\" data-element_type=\"container\" data-e-type=\"container\" data-settings=\"{&quot;background_background&quot;:&quot;classic&quot;}\">\n\t\t\t\t<\/div>\n\t\t<div class=\"elementor-element elementor-element-8455cc3 e-con-full e-flex e-con e-child\" data-id=\"8455cc3\" data-element_type=\"container\" data-e-type=\"container\">\n\t\t\t\t<div class=\"elementor-element elementor-element-570dd81c elementor-widget-tablet__width-inherit elementor-widget elementor-widget-heading\" data-id=\"570dd81c\" data-element_type=\"widget\" data-e-type=\"widget\" data-widget_type=\"heading.default\">\n\t\t\t\t<div class=\"elementor-widget-container\">\n\t\t\t\t\t<h1 class=\"elementor-heading-title elementor-size-default\">Modernit\u00e9 intemporelle &amp; amp; excellence artisanale<\/h1>\t\t\t\t<\/div>\n\t\t\t\t<\/div>\n\t\t\t\t<div class=\"elementor-element elementor-element-dd06526 elementor-widget-tablet__width-inherit elementor-widget elementor-widget-heading\" data-id=\"dd06526\" data-element_type=\"widget\" data-e-type=\"widget\" data-widget_type=\"heading.default\">\n\t\t\t\t<div class=\"elementor-widget-container\">\n\t\t\t\t\t<h1 class=\"elementor-heading-title elementor-size-default\">Collection printemps-\u00e9t\u00e9 2026<\/h1>\t\t\t\t<\/div>\n\t\t\t\t<\/div>\n\t\t\t\t<div class=\"elementor-element elementor-element-83cdcec elementor-widget elementor-widget-spacer\" data-id=\"83cdcec\" data-element_type=\"widget\" data-e-type=\"widget\" data-widget_type=\"spacer.default\">\n\t\t\t\t<div class=\"elementor-widget-container\">\n\t\t\t\t\t\t\t<div class=\"elementor-spacer\">\n\t\t\t<div class=\"elementor-spacer-inner\"><\/div>\n\t\t<\/div>\n\t\t\t\t\t\t<\/div>\n\t\t\t\t<\/div>\n\t\t\t\t<div class=\"elementor-element elementor-element-4556c6e elementor-widget elementor-widget-text-editor\" data-id=\"4556c6e\" data-element_type=\"widget\" data-e-type=\"widget\" data-widget_type=\"text-editor.default\">\n\t\t\t\t<div class=\"elementor-widget-container\">\n\t\t\t\t\t\t\t\t\t<p>Avec sa collection printemps-\u00e9t\u00e9 2026, PETER KAISER renouvelle son h\u00e9ritage stylistique en alliant innovation et fid\u00e9lit\u00e9 \u00e0 ses valeurs. La maison met en lumi\u00e8re un \u00e9quilibre subtil entre modernit\u00e9 et continuit\u00e9. <\/p><p>Au c\u0153ur de cette collection, le classicisme contemporain est r\u00e9interpr\u00e9t\u00e9 avec audace pour cr\u00e9er des mod\u00e8les intemporels. Chaque soulier incarne une \u00e9l\u00e9gance authentique, m\u00ealant esth\u00e9tique \u00e9pur\u00e9e, mat\u00e9riaux d\u2019exception et savoir-faire artisanal. <\/p><p>PETER KAISER revendique une vision de l\u2019\u00e9l\u00e9gance fond\u00e9e sur l\u2019authenticit\u00e9. Les mod\u00e8les s\u00e9duisent par une esth\u00e9tique \u00e9pur\u00e9e et puissante, sublim\u00e9e par des mat\u00e9riaux d\u2019exception et un savoir-faire artisanal in\u00e9gal\u00e9.<\/p>\t\t\t\t\t\t\t\t<\/div>\n\t\t\t\t<\/div>\n\t\t\t\t<div class=\"elementor-element elementor-element-7312b53 elementor-widget elementor-widget-spacer\" data-id=\"7312b53\" data-element_type=\"widget\" data-e-type=\"widget\" data-widget_type=\"spacer.default\">\n\t\t\t\t<div class=\"elementor-widget-container\">\n\t\t\t\t\t\t\t<div class=\"elementor-spacer\">\n\t\t\t<div class=\"elementor-spacer-inner\"><\/div>\n\t\t<\/div>\n\t\t\t\t\t\t<\/div>\n\t\t\t\t<\/div>\n\t\t\t\t<div class=\"elementor-element elementor-element-463100e elementor-laptop-align-center elementor-widget elementor-widget-button\" data-id=\"463100e\" data-element_type=\"widget\" data-e-type=\"widget\" data-widget_type=\"button.default\">\n\t\t\t\t<div class=\"elementor-widget-container\">\n\t\t\t\t\t\t\t\t\t<div class=\"elementor-button-wrapper\">\n\t\t\t\t\t<a class=\"elementor-button elementor-button-link elementor-size-sm\" href=\"#elementor-action%3Aaction%3Dpopup%3Aopen%26settings%3DeyJpZCI6ODQ4OCwidG9nZ2xlIjpmYWxzZX0%3D\">\n\t\t\t\t\t\t<span class=\"elementor-button-content-wrapper\">\n\t\t\t\t\t\t\t\t\t<span class=\"elementor-button-text\">Inspiration<\/span>\n\t\t\t\t\t<\/span>\n\t\t\t\t\t<\/a>\n\t\t\t\t<\/div>\n\t\t\t\t\t\t\t\t<\/div>\n\t\t\t\t<\/div>\n\t\t\t\t<\/div>\n\t\t\t\t<\/div>\n\t\t<div class=\"elementor-element elementor-element-40bfbbe e-flex e-con-boxed e-con e-parent\" data-id=\"40bfbbe\" data-element_type=\"container\" data-e-type=\"container\" data-settings=\"{&quot;background_background&quot;:&quot;classic&quot;}\">\n\t\t\t\t\t<div class=\"e-con-inner\">\n\t\t<div class=\"elementor-element elementor-element-9f61e4e e-flex e-con-boxed e-con e-child\" data-id=\"9f61e4e\" data-element_type=\"container\" data-e-type=\"container\" data-settings=\"{&quot;background_background&quot;:&quot;classic&quot;}\">\n\t\t\t\t\t<div class=\"e-con-inner\">\n\t\t\t\t<div class=\"elementor-element elementor-element-25ab2f1 elementor-widget-tablet__width-inherit elementor-widget elementor-widget-heading\" data-id=\"25ab2f1\" data-element_type=\"widget\" data-e-type=\"widget\" data-widget_type=\"heading.default\">\n\t\t\t\t<div class=\"elementor-widget-container\">\n\t\t\t\t\t<h1 class=\"elementor-heading-title elementor-size-default\">Les Points forts<\/h1>\t\t\t\t<\/div>\n\t\t\t\t<\/div>\n\t\t\t\t\t<\/div>\n\t\t\t\t<\/div>\n\t\t<div class=\"elementor-element elementor-element-4c468d5 e-con-full e-flex e-con e-child\" data-id=\"4c468d5\" data-element_type=\"container\" data-e-type=\"container\" data-settings=\"{&quot;background_background&quot;:&quot;classic&quot;}\">\n\t\t<div class=\"elementor-element elementor-element-fb0a50e e-con-full e-flex e-con e-child\" data-id=\"fb0a50e\" data-element_type=\"container\" data-e-type=\"container\" data-settings=\"{&quot;background_background&quot;:&quot;classic&quot;}\">\n\t\t<a class=\"elementor-element elementor-element-4052084 e-con-full e-flex e-con e-child\" data-id=\"4052084\" data-element_type=\"container\" data-e-type=\"container\" data-settings=\"{&quot;background_background&quot;:&quot;classic&quot;}\" href=\"#elementor-action%3Aaction%3Dpopup%3Aopen%26settings%3DeyJpZCI6ODQ2OCwidG9nZ2xlIjpmYWxzZX0%3D\">\n\t\t\t\t<\/a>\n\t\t<div class=\"elementor-element elementor-element-3075f4d e-con-full e-flex e-con e-child\" data-id=\"3075f4d\" data-element_type=\"container\" data-e-type=\"container\" data-settings=\"{&quot;background_background&quot;:&quot;classic&quot;}\">\n\t\t\t\t<div class=\"elementor-element elementor-element-3a76bc2 elementor-widget-tablet__width-auto elementor-widget elementor-widget-heading\" data-id=\"3a76bc2\" data-element_type=\"widget\" data-e-type=\"widget\" data-widget_type=\"heading.default\">\n\t\t\t\t<div class=\"elementor-widget-container\">\n\t\t\t\t\t<h2 class=\"elementor-heading-title elementor-size-default\">Escarpins \u2013 Chic m\u00e9tropolitain, red\u00e9fini<\/h2>\t\t\t\t<\/div>\n\t\t\t\t<\/div>\n\t\t\t\t<div class=\"elementor-element elementor-element-6792a8d elementor-widget elementor-widget-button\" data-id=\"6792a8d\" data-element_type=\"widget\" data-e-type=\"widget\" data-widget_type=\"button.default\">\n\t\t\t\t<div class=\"elementor-widget-container\">\n\t\t\t\t\t\t\t\t\t<div class=\"elementor-button-wrapper\">\n\t\t\t\t\t<a class=\"elementor-button elementor-button-link elementor-size-sm\" href=\"#elementor-action%3Aaction%3Dpopup%3Aopen%26settings%3DeyJpZCI6ODQ2OCwidG9nZ2xlIjpmYWxzZX0%3D\">\n\t\t\t\t\t\t<span class=\"elementor-button-content-wrapper\">\n\t\t\t\t\t\t\t\t\t<span class=\"elementor-button-text\">D\u00e9couvrir<\/span>\n\t\t\t\t\t<\/span>\n\t\t\t\t\t<\/a>\n\t\t\t\t<\/div>\n\t\t\t\t\t\t\t\t<\/div>\n\t\t\t\t<\/div>\n\t\t\t\t<\/div>\n\t\t\t\t<\/div>\n\t\t<div class=\"elementor-element elementor-element-742708f e-con-full e-flex e-con e-child\" data-id=\"742708f\" data-element_type=\"container\" data-e-type=\"container\">\n\t\t<a class=\"elementor-element elementor-element-d3aba3f e-con-full e-flex e-con e-child\" data-id=\"d3aba3f\" data-element_type=\"container\" data-e-type=\"container\" data-settings=\"{&quot;background_background&quot;:&quot;classic&quot;}\" href=\"#elementor-action%3Aaction%3Dpopup%3Aopen%26settings%3DeyJpZCI6ODQ3MiwidG9nZ2xlIjpmYWxzZX0%3D\">\n\t\t\t\t<\/a>\n\t\t<div class=\"elementor-element elementor-element-de7ebc4 e-con-full e-flex e-con e-child\" data-id=\"de7ebc4\" data-element_type=\"container\" data-e-type=\"container\" data-settings=\"{&quot;background_background&quot;:&quot;classic&quot;}\">\n\t\t\t\t<div class=\"elementor-element elementor-element-4844e37 elementor-widget-tablet__width-auto elementor-widget elementor-widget-heading\" data-id=\"4844e37\" data-element_type=\"widget\" data-e-type=\"widget\" data-widget_type=\"heading.default\">\n\t\t\t\t<div class=\"elementor-widget-container\">\n\t\t\t\t\t<h2 class=\"elementor-heading-title elementor-size-default\">Baskets \u2013 L\u2019avant-garde du style contemporain<\/h2>\t\t\t\t<\/div>\n\t\t\t\t<\/div>\n\t\t\t\t<div class=\"elementor-element elementor-element-8cbdc03 elementor-widget elementor-widget-button\" data-id=\"8cbdc03\" data-element_type=\"widget\" data-e-type=\"widget\" data-widget_type=\"button.default\">\n\t\t\t\t<div class=\"elementor-widget-container\">\n\t\t\t\t\t\t\t\t\t<div class=\"elementor-button-wrapper\">\n\t\t\t\t\t<a class=\"elementor-button elementor-button-link elementor-size-sm\" href=\"#elementor-action%3Aaction%3Dpopup%3Aopen%26settings%3DeyJpZCI6ODQ3MiwidG9nZ2xlIjpmYWxzZX0%3D\">\n\t\t\t\t\t\t<span class=\"elementor-button-content-wrapper\">\n\t\t\t\t\t\t\t\t\t<span class=\"elementor-button-text\">D\u00e9couvrir<\/span>\n\t\t\t\t\t<\/span>\n\t\t\t\t\t<\/a>\n\t\t\t\t<\/div>\n\t\t\t\t\t\t\t\t<\/div>\n\t\t\t\t<\/div>\n\t\t\t\t<\/div>\n\t\t\t\t<\/div>\n\t\t\t\t<\/div>\n\t\t<div class=\"elementor-element elementor-element-5b5b51f e-con-full e-flex e-con e-child\" data-id=\"5b5b51f\" data-element_type=\"container\" data-e-type=\"container\" data-settings=\"{&quot;background_background&quot;:&quot;classic&quot;}\">\n\t\t<div class=\"elementor-element elementor-element-0626186 e-con-full e-flex e-con e-child\" data-id=\"0626186\" data-element_type=\"container\" data-e-type=\"container\">\n\t\t<a class=\"elementor-element elementor-element-af48ede e-con-full e-flex e-con e-child\" data-id=\"af48ede\" data-element_type=\"container\" data-e-type=\"container\" data-settings=\"{&quot;background_background&quot;:&quot;classic&quot;}\" href=\"#elementor-action%3Aaction%3Dpopup%3Aopen%26settings%3DeyJpZCI6ODQ3NiwidG9nZ2xlIjpmYWxzZX0%3D\">\n\t\t\t\t<\/a>\n\t\t<div class=\"elementor-element elementor-element-40e6c1d e-con-full e-flex e-con e-child\" data-id=\"40e6c1d\" data-element_type=\"container\" data-e-type=\"container\" data-settings=\"{&quot;background_background&quot;:&quot;classic&quot;}\">\n\t\t\t\t<div class=\"elementor-element elementor-element-0272d5d elementor-widget-tablet__width-auto elementor-widget elementor-widget-heading\" data-id=\"0272d5d\" data-element_type=\"widget\" data-e-type=\"widget\" data-widget_type=\"heading.default\">\n\t\t\t\t<div class=\"elementor-widget-container\">\n\t\t\t\t\t<h2 class=\"elementor-heading-title elementor-size-default\">Ballerines \u2013 Le confort avec \u00e9l\u00e9gance<\/h2>\t\t\t\t<\/div>\n\t\t\t\t<\/div>\n\t\t\t\t<div class=\"elementor-element elementor-element-8c46919 elementor-widget elementor-widget-button\" data-id=\"8c46919\" data-element_type=\"widget\" data-e-type=\"widget\" data-widget_type=\"button.default\">\n\t\t\t\t<div class=\"elementor-widget-container\">\n\t\t\t\t\t\t\t\t\t<div class=\"elementor-button-wrapper\">\n\t\t\t\t\t<a class=\"elementor-button elementor-button-link elementor-size-sm\" href=\"#elementor-action%3Aaction%3Dpopup%3Aopen%26settings%3DeyJpZCI6ODQ3NiwidG9nZ2xlIjpmYWxzZX0%3D\">\n\t\t\t\t\t\t<span class=\"elementor-button-content-wrapper\">\n\t\t\t\t\t\t\t\t\t<span class=\"elementor-button-text\">D\u00e9couvrir<\/span>\n\t\t\t\t\t<\/span>\n\t\t\t\t\t<\/a>\n\t\t\t\t<\/div>\n\t\t\t\t\t\t\t\t<\/div>\n\t\t\t\t<\/div>\n\t\t\t\t<\/div>\n\t\t\t\t<\/div>\n\t\t<div class=\"elementor-element elementor-element-b3cfa47 e-con-full e-flex e-con e-child\" data-id=\"b3cfa47\" data-element_type=\"container\" data-e-type=\"container\">\n\t\t<a class=\"elementor-element elementor-element-5409ded e-con-full e-flex e-con e-child\" data-id=\"5409ded\" data-element_type=\"container\" data-e-type=\"container\" data-settings=\"{&quot;background_background&quot;:&quot;classic&quot;}\" href=\"#elementor-action%3Aaction%3Dpopup%3Aopen%26settings%3DeyJpZCI6ODQ3OCwidG9nZ2xlIjpmYWxzZX0%3D\">\n\t\t\t\t<\/a>\n\t\t<div class=\"elementor-element elementor-element-1726b7e e-con-full e-flex e-con e-child\" data-id=\"1726b7e\" data-element_type=\"container\" data-e-type=\"container\" data-settings=\"{&quot;background_background&quot;:&quot;classic&quot;}\">\n\t\t\t\t<div class=\"elementor-element elementor-element-cbcabd1 elementor-widget-tablet__width-auto elementor-widget elementor-widget-heading\" data-id=\"cbcabd1\" data-element_type=\"widget\" data-e-type=\"widget\" data-widget_type=\"heading.default\">\n\t\t\t\t<div class=\"elementor-widget-container\">\n\t\t\t\t\t<h2 class=\"elementor-heading-title elementor-size-default\">Slingbacks \u2013 \u00c9l\u00e9gance subtile et sophistiqu\u00e9e<\/h2>\t\t\t\t<\/div>\n\t\t\t\t<\/div>\n\t\t\t\t<div class=\"elementor-element elementor-element-49f2552 elementor-widget elementor-widget-button\" data-id=\"49f2552\" data-element_type=\"widget\" data-e-type=\"widget\" data-widget_type=\"button.default\">\n\t\t\t\t<div class=\"elementor-widget-container\">\n\t\t\t\t\t\t\t\t\t<div class=\"elementor-button-wrapper\">\n\t\t\t\t\t<a class=\"elementor-button elementor-button-link elementor-size-sm\" href=\"#elementor-action%3Aaction%3Dpopup%3Aopen%26settings%3DeyJpZCI6ODQ3OCwidG9nZ2xlIjpmYWxzZX0%3D\">\n\t\t\t\t\t\t<span class=\"elementor-button-content-wrapper\">\n\t\t\t\t\t\t\t\t\t<span class=\"elementor-button-text\">D\u00e9couvrir<\/span>\n\t\t\t\t\t<\/span>\n\t\t\t\t\t<\/a>\n\t\t\t\t<\/div>\n\t\t\t\t\t\t\t\t<\/div>\n\t\t\t\t<\/div>\n\t\t\t\t<\/div>\n\t\t\t\t<\/div>\n\t\t<div class=\"elementor-element elementor-element-e44c2ac e-con-full e-flex e-con e-child\" data-id=\"e44c2ac\" data-element_type=\"container\" data-e-type=\"container\">\n\t\t<a class=\"elementor-element elementor-element-a8a45e0 e-con-full e-flex e-con e-child\" data-id=\"a8a45e0\" data-element_type=\"container\" data-e-type=\"container\" data-settings=\"{&quot;background_background&quot;:&quot;classic&quot;}\" href=\"#elementor-action%3Aaction%3Dpopup%3Aopen%26settings%3DeyJpZCI6ODQ4NCwidG9nZ2xlIjpmYWxzZX0%3D\">\n\t\t\t\t<\/a>\n\t\t<div class=\"elementor-element elementor-element-827bcb9 e-con-full e-flex e-con e-child\" data-id=\"827bcb9\" data-element_type=\"container\" data-e-type=\"container\" data-settings=\"{&quot;background_background&quot;:&quot;classic&quot;}\">\n\t\t\t\t<div class=\"elementor-element elementor-element-f10d61b elementor-widget-tablet__width-auto elementor-widget elementor-widget-heading\" data-id=\"f10d61b\" data-element_type=\"widget\" data-e-type=\"widget\" data-widget_type=\"heading.default\">\n\t\t\t\t<div class=\"elementor-widget-container\">\n\t\t\t\t\t<h2 class=\"elementor-heading-title elementor-size-default\">Bags - Timeless Chic<\/h2>\t\t\t\t<\/div>\n\t\t\t\t<\/div>\n\t\t\t\t<div class=\"elementor-element elementor-element-3ace2c9 elementor-widget elementor-widget-button\" data-id=\"3ace2c9\" data-element_type=\"widget\" data-e-type=\"widget\" data-widget_type=\"button.default\">\n\t\t\t\t<div class=\"elementor-widget-container\">\n\t\t\t\t\t\t\t\t\t<div class=\"elementor-button-wrapper\">\n\t\t\t\t\t<a class=\"elementor-button elementor-button-link elementor-size-sm\" href=\"#elementor-action%3Aaction%3Dpopup%3Aopen%26settings%3DeyJpZCI6ODQ4NCwidG9nZ2xlIjpmYWxzZX0%3D\">\n\t\t\t\t\t\t<span class=\"elementor-button-content-wrapper\">\n\t\t\t\t\t\t\t\t\t<span class=\"elementor-button-text\">D\u00e9couvrir<\/span>\n\t\t\t\t\t<\/span>\n\t\t\t\t\t<\/a>\n\t\t\t\t<\/div>\n\t\t\t\t\t\t\t\t<\/div>\n\t\t\t\t<\/div>\n\t\t\t\t<\/div>\n\t\t\t\t<\/div>\n\t\t\t\t<\/div>\n\t\t\t\t\t<\/div>\n\t\t\t\t<\/div>\n\t\t\t\t<\/div>\n\t\t","protected":false},"excerpt":{"rendered":"<p>Modernit\u00e9 intemporelle &amp; amp; excellence artisanale Collection printemps-\u00e9t\u00e9 2026 Avec sa collection printemps-\u00e9t\u00e9 2026, PETER KAISER renouvelle son h\u00e9ritage stylistique en alliant innovation et fid\u00e9lit\u00e9 \u00e0 ses valeurs. La maison met en lumi\u00e8re un \u00e9quilibre subtil entre modernit\u00e9 et continuit\u00e9. Au c\u0153ur de cette collection, le classicisme contemporain est r\u00e9interpr\u00e9t\u00e9 avec audace pour cr\u00e9er des [&hellip;]<\/p>\n","protected":false},"author":2,"featured_media":0,"parent":0,"menu_order":0,"comment_status":"closed","ping_status":"closed","template":"","meta":{"inline_featured_image":false,"footnotes":""},"class_list":["post-7957","page","type-page","status-publish","hentry"],"yoast_head":"<!-- This site is optimized with the Yoast SEO plugin v27.0 - https:\/\/yoast.com\/product\/yoast-seo-wordpress\/ -->\n<title>Printemps\/\u00c9t\u00e9 2026 - PETER KAISER BRAND<\/title>\n<meta name=\"description\" content=\"D\u00e9couvrez la collection Peter Kaiser FS26 : l&#039;\u00e9l\u00e9gance intemporelle rencontre la l\u00e9g\u00e8ret\u00e9 moderne. Chaussures et accessoires haut de gamme pour femmes pour le printemps\/\u00e9t\u00e9 2026.\" \/>\n<meta name=\"robots\" content=\"index, follow, max-snippet:-1, max-image-preview:large, max-video-preview:-1\" \/>\n<link rel=\"canonical\" href=\"https:\/\/brand.peter-kaiser.com\/fr\/printemps-ete-2026\/\" \/>\n<meta property=\"og:locale\" content=\"fr_FR\" \/>\n<meta property=\"og:type\" content=\"article\" \/>\n<meta property=\"og:title\" content=\"Printemps\/\u00c9t\u00e9 2026 - PETER KAISER BRAND\" \/>\n<meta property=\"og:description\" content=\"D\u00e9couvrez la collection Peter Kaiser FS26 : l&#039;\u00e9l\u00e9gance intemporelle rencontre la l\u00e9g\u00e8ret\u00e9 moderne. Chaussures et accessoires haut de gamme pour femmes pour le printemps\/\u00e9t\u00e9 2026.\" \/>\n<meta property=\"og:url\" content=\"https:\/\/brand.peter-kaiser.com\/fr\/printemps-ete-2026\/\" \/>\n<meta property=\"og:site_name\" content=\"PETER KAISER BRAND\" \/>\n<meta property=\"article:publisher\" content=\"https:\/\/www.facebook.com\/peterkaiser.de\" \/>\n<meta property=\"article:modified_time\" content=\"2026-01-19T13:37:36+00:00\" \/>\n<meta property=\"og:image\" content=\"https:\/\/brand.peter-kaiser.com\/wp-content\/uploads\/2025\/10\/Screenshot-2025-10-09-103241.png\" \/>\n\t<meta property=\"og:image:width\" content=\"1874\" \/>\n\t<meta property=\"og:image:height\" content=\"898\" \/>\n\t<meta property=\"og:image:type\" content=\"image\/png\" \/>\n<meta name=\"twitter:card\" content=\"summary_large_image\" \/>\n<meta name=\"twitter:label1\" content=\"Dur\u00e9e de lecture estim\u00e9e\" \/>\n\t<meta name=\"twitter:data1\" content=\"1 minute\" \/>\n<script type=\"application\/ld+json\" class=\"yoast-schema-graph\">{\"@context\":\"https:\/\/schema.org\",\"@graph\":[{\"@type\":\"WebPage\",\"@id\":\"https:\/\/brand.peter-kaiser.com\/fr\/printemps-ete-2026\/\",\"url\":\"https:\/\/brand.peter-kaiser.com\/fr\/printemps-ete-2026\/\",\"name\":\"Printemps\/\u00c9t\u00e9 2026 - PETER KAISER BRAND\",\"isPartOf\":{\"@id\":\"https:\/\/brand.peter-kaiser.com\/fr\/#website\"},\"datePublished\":\"2025-07-23T10:04:48+00:00\",\"dateModified\":\"2026-01-19T13:37:36+00:00\",\"description\":\"D\u00e9couvrez la collection Peter Kaiser FS26 : l'\u00e9l\u00e9gance intemporelle rencontre la l\u00e9g\u00e8ret\u00e9 moderne. Chaussures et accessoires haut de gamme pour femmes pour le printemps\/\u00e9t\u00e9 2026.\",\"breadcrumb\":{\"@id\":\"https:\/\/brand.peter-kaiser.com\/fr\/printemps-ete-2026\/#breadcrumb\"},\"inLanguage\":\"fr-FR\",\"potentialAction\":[{\"@type\":\"ReadAction\",\"target\":[\"https:\/\/brand.peter-kaiser.com\/fr\/printemps-ete-2026\/\"]}]},{\"@type\":\"BreadcrumbList\",\"@id\":\"https:\/\/brand.peter-kaiser.com\/fr\/printemps-ete-2026\/#breadcrumb\",\"itemListElement\":[{\"@type\":\"ListItem\",\"position\":1,\"name\":\"Accueil\",\"item\":\"https:\/\/brand.peter-kaiser.com\/fr\/\"},{\"@type\":\"ListItem\",\"position\":2,\"name\":\"Printemps\/\u00c9t\u00e9 2026\"}]},{\"@type\":\"WebSite\",\"@id\":\"https:\/\/brand.peter-kaiser.com\/fr\/#website\",\"url\":\"https:\/\/brand.peter-kaiser.com\/fr\/\",\"name\":\"PETER KAISER Brand\",\"description\":\"beatifulsince1838\",\"publisher\":{\"@id\":\"https:\/\/brand.peter-kaiser.com\/fr\/#organization\"},\"alternateName\":\"PETER KAISER Brand\",\"potentialAction\":[{\"@type\":\"SearchAction\",\"target\":{\"@type\":\"EntryPoint\",\"urlTemplate\":\"https:\/\/brand.peter-kaiser.com\/fr\/?s={search_term_string}\"},\"query-input\":{\"@type\":\"PropertyValueSpecification\",\"valueRequired\":true,\"valueName\":\"search_term_string\"}}],\"inLanguage\":\"fr-FR\"},{\"@type\":\"Organization\",\"@id\":\"https:\/\/brand.peter-kaiser.com\/fr\/#organization\",\"name\":\"PETER KAISER BRAND\",\"url\":\"https:\/\/brand.peter-kaiser.com\/fr\/\",\"logo\":{\"@type\":\"ImageObject\",\"inLanguage\":\"fr-FR\",\"@id\":\"https:\/\/brand.peter-kaiser.com\/fr\/#\/schema\/logo\/image\/\",\"url\":\"https:\/\/brand.peter-kaiser.com\/wp-content\/uploads\/2024\/06\/Champagne-PK-Logo-with-Slogan-2.svg\",\"contentUrl\":\"https:\/\/brand.peter-kaiser.com\/wp-content\/uploads\/2024\/06\/Champagne-PK-Logo-with-Slogan-2.svg\",\"width\":100,\"height\":100,\"caption\":\"PETER KAISER BRAND\"},\"image\":{\"@id\":\"https:\/\/brand.peter-kaiser.com\/fr\/#\/schema\/logo\/image\/\"},\"sameAs\":[\"https:\/\/www.facebook.com\/peterkaiser.de\",\"https:\/\/www.instagram.com\/peterkaiser_official\/\",\"https:\/\/www.linkedin.com\/showcase\/peter-kaiser\",\"https:\/\/www.youtube.com\/@PETER-KAISER\"]}]}<\/script>\n<!-- \/ Yoast SEO plugin. -->","yoast_head_json":{"title":"Printemps\/\u00c9t\u00e9 2026 - PETER KAISER BRAND","description":"D\u00e9couvrez la collection Peter Kaiser FS26 : l'\u00e9l\u00e9gance intemporelle rencontre la l\u00e9g\u00e8ret\u00e9 moderne. Chaussures et accessoires haut de gamme pour femmes pour le printemps\/\u00e9t\u00e9 2026.","robots":{"index":"index","follow":"follow","max-snippet":"max-snippet:-1","max-image-preview":"max-image-preview:large","max-video-preview":"max-video-preview:-1"},"canonical":"https:\/\/brand.peter-kaiser.com\/fr\/printemps-ete-2026\/","og_locale":"fr_FR","og_type":"article","og_title":"Printemps\/\u00c9t\u00e9 2026 - PETER KAISER BRAND","og_description":"D\u00e9couvrez la collection Peter Kaiser FS26 : l'\u00e9l\u00e9gance intemporelle rencontre la l\u00e9g\u00e8ret\u00e9 moderne. Chaussures et accessoires haut de gamme pour femmes pour le printemps\/\u00e9t\u00e9 2026.","og_url":"https:\/\/brand.peter-kaiser.com\/fr\/printemps-ete-2026\/","og_site_name":"PETER KAISER BRAND","article_publisher":"https:\/\/www.facebook.com\/peterkaiser.de","article_modified_time":"2026-01-19T13:37:36+00:00","og_image":[{"width":1874,"height":898,"url":"https:\/\/brand.peter-kaiser.com\/wp-content\/uploads\/2025\/10\/Screenshot-2025-10-09-103241.png","type":"image\/png"}],"twitter_card":"summary_large_image","twitter_misc":{"Dur\u00e9e de lecture estim\u00e9e":"1 minute"},"schema":{"@context":"https:\/\/schema.org","@graph":[{"@type":"WebPage","@id":"https:\/\/brand.peter-kaiser.com\/fr\/printemps-ete-2026\/","url":"https:\/\/brand.peter-kaiser.com\/fr\/printemps-ete-2026\/","name":"Printemps\/\u00c9t\u00e9 2026 - PETER KAISER BRAND","isPartOf":{"@id":"https:\/\/brand.peter-kaiser.com\/fr\/#website"},"datePublished":"2025-07-23T10:04:48+00:00","dateModified":"2026-01-19T13:37:36+00:00","description":"D\u00e9couvrez la collection Peter Kaiser FS26 : l'\u00e9l\u00e9gance intemporelle rencontre la l\u00e9g\u00e8ret\u00e9 moderne. Chaussures et accessoires haut de gamme pour femmes pour le printemps\/\u00e9t\u00e9 2026.","breadcrumb":{"@id":"https:\/\/brand.peter-kaiser.com\/fr\/printemps-ete-2026\/#breadcrumb"},"inLanguage":"fr-FR","potentialAction":[{"@type":"ReadAction","target":["https:\/\/brand.peter-kaiser.com\/fr\/printemps-ete-2026\/"]}]},{"@type":"BreadcrumbList","@id":"https:\/\/brand.peter-kaiser.com\/fr\/printemps-ete-2026\/#breadcrumb","itemListElement":[{"@type":"ListItem","position":1,"name":"Accueil","item":"https:\/\/brand.peter-kaiser.com\/fr\/"},{"@type":"ListItem","position":2,"name":"Printemps\/\u00c9t\u00e9 2026"}]},{"@type":"WebSite","@id":"https:\/\/brand.peter-kaiser.com\/fr\/#website","url":"https:\/\/brand.peter-kaiser.com\/fr\/","name":"PETER KAISER Brand","description":"beatifulsince1838","publisher":{"@id":"https:\/\/brand.peter-kaiser.com\/fr\/#organization"},"alternateName":"PETER KAISER Brand","potentialAction":[{"@type":"SearchAction","target":{"@type":"EntryPoint","urlTemplate":"https:\/\/brand.peter-kaiser.com\/fr\/?s={search_term_string}"},"query-input":{"@type":"PropertyValueSpecification","valueRequired":true,"valueName":"search_term_string"}}],"inLanguage":"fr-FR"},{"@type":"Organization","@id":"https:\/\/brand.peter-kaiser.com\/fr\/#organization","name":"PETER KAISER BRAND","url":"https:\/\/brand.peter-kaiser.com\/fr\/","logo":{"@type":"ImageObject","inLanguage":"fr-FR","@id":"https:\/\/brand.peter-kaiser.com\/fr\/#\/schema\/logo\/image\/","url":"https:\/\/brand.peter-kaiser.com\/wp-content\/uploads\/2024\/06\/Champagne-PK-Logo-with-Slogan-2.svg","contentUrl":"https:\/\/brand.peter-kaiser.com\/wp-content\/uploads\/2024\/06\/Champagne-PK-Logo-with-Slogan-2.svg","width":100,"height":100,"caption":"PETER KAISER BRAND"},"image":{"@id":"https:\/\/brand.peter-kaiser.com\/fr\/#\/schema\/logo\/image\/"},"sameAs":["https:\/\/www.facebook.com\/peterkaiser.de","https:\/\/www.instagram.com\/peterkaiser_official\/","https:\/\/www.linkedin.com\/showcase\/peter-kaiser","https:\/\/www.youtube.com\/@PETER-KAISER"]}]}},"_links":{"self":[{"href":"https:\/\/brand.peter-kaiser.com\/fr\/wp-json\/wp\/v2\/pages\/7957","targetHints":{"allow":["GET"]}}],"collection":[{"href":"https:\/\/brand.peter-kaiser.com\/fr\/wp-json\/wp\/v2\/pages"}],"about":[{"href":"https:\/\/brand.peter-kaiser.com\/fr\/wp-json\/wp\/v2\/types\/page"}],"author":[{"embeddable":true,"href":"https:\/\/brand.peter-kaiser.com\/fr\/wp-json\/wp\/v2\/users\/2"}],"replies":[{"embeddable":true,"href":"https:\/\/brand.peter-kaiser.com\/fr\/wp-json\/wp\/v2\/comments?post=7957"}],"version-history":[{"count":7,"href":"https:\/\/brand.peter-kaiser.com\/fr\/wp-json\/wp\/v2\/pages\/7957\/revisions"}],"predecessor-version":[{"id":8467,"href":"https:\/\/brand.peter-kaiser.com\/fr\/wp-json\/wp\/v2\/pages\/7957\/revisions\/8467"}],"wp:attachment":[{"href":"https:\/\/brand.peter-kaiser.com\/fr\/wp-json\/wp\/v2\/media?parent=7957"}],"curies":[{"name":"wp","href":"https:\/\/api.w.org\/{rel}","templated":true}]}}