{"id":7113,"date":"2024-07-27T00:42:28","date_gmt":"2024-07-26T22:42:28","guid":{"rendered":"https:\/\/brand.peter-kaiser.com\/mentions-legales\/"},"modified":"2025-07-23T11:44:43","modified_gmt":"2025-07-23T09:44:43","slug":"mentions-legales","status":"publish","type":"page","link":"https:\/\/brand.peter-kaiser.com\/fr\/mentions-legales\/","title":{"rendered":"Mentions l\u00e9gales"},"content":{"rendered":"\t\t<div data-elementor-type=\"wp-page\" data-elementor-id=\"7113\" class=\"elementor elementor-7113 elementor-2659\" data-elementor-post-type=\"page\">\n\t\t\t\t<div class=\"elementor-element elementor-element-6bf706b e-con-full e-flex e-con e-parent\" data-id=\"6bf706b\" data-element_type=\"container\" data-e-type=\"container\" data-settings=\"{&quot;background_background&quot;:&quot;classic&quot;}\">\n\t\t\t\t<div class=\"elementor-element elementor-element-4a0efd3 elementor-widget elementor-widget-heading\" data-id=\"4a0efd3\" data-element_type=\"widget\" data-e-type=\"widget\" data-widget_type=\"heading.default\">\n\t\t\t\t<div class=\"elementor-widget-container\">\n\t\t\t\t\t<h2 class=\"elementor-heading-title elementor-size-default\">Mentions l\u00e9gales<\/h2>\t\t\t\t<\/div>\n\t\t\t\t<\/div>\n\t\t\t\t<div class=\"elementor-element elementor-element-2fb4187 elementor-widget elementor-widget-heading\" data-id=\"2fb4187\" data-element_type=\"widget\" data-e-type=\"widget\" data-widget_type=\"heading.default\">\n\t\t\t\t<div class=\"elementor-widget-container\">\n\t\t\t\t\t<h2 class=\"elementor-heading-title elementor-size-default\">Informations obligatoires<\/h2>\t\t\t\t<\/div>\n\t\t\t\t<\/div>\n\t\t\t\t<div class=\"elementor-element elementor-element-dafe0e5 elementor-widget__width-initial elementor-widget-widescreen__width-initial elementor-widget elementor-widget-text-editor\" data-id=\"dafe0e5\" data-element_type=\"widget\" data-e-type=\"widget\" data-widget_type=\"text-editor.default\">\n\t\t\t\t<div class=\"elementor-widget-container\">\n\t\t\t\t\t\t\t\t\t<p>PETER KAISER, une marque de CAPRICE Schuhproduktion GmbH &amp; Co. KG<\/p><p>CAPRICE Schuhproduktion GmbH &amp; Co. KG<br>Une entreprise du groupe Wortmann<\/p><p>Blocksbergstra\u00dfe 158<br>D-66955 Pirmasens<br>Tel.: +49 (0) 63 31 \/ 27 33-0<br>Fax: +49 (0) 63 31 \/ 27 33-33<br>E-Mail: <a href=\"mailto:info@caprice.de\">info@caprice.de<\/a><\/p><p>Num\u00e9ro d&rsquo;identification TVA DE 227 476 622<br>Tribunal d&rsquo;instance de Zweibr\u00fccken (HRA 23612)<br>Associ\u00e9e personnellement responsable :<br>CAPRICE Verwaltungs GmbH (HRB 23578)<br>Directeur g\u00e9n\u00e9ral : J\u00fcrgen C\u00f6lsch <\/p>\t\t\t\t\t\t\t\t<\/div>\n\t\t\t\t<\/div>\n\t\t\t\t<\/div>\n\t\t\t\t<\/div>\n\t\t","protected":false},"excerpt":{"rendered":"<p>Mentions l\u00e9gales Informations obligatoires PETER KAISER, une marque de CAPRICE Schuhproduktion GmbH &amp; Co. KG CAPRICE Schuhproduktion GmbH &amp; Co. KGUne entreprise du groupe Wortmann Blocksbergstra\u00dfe 158D-66955 PirmasensTel.: +49 (0) 63 31 \/ 27 33-0Fax: +49 (0) 63 31 \/ 27 33-33E-Mail: info@caprice.de Num\u00e9ro d&rsquo;identification TVA DE 227 476 622Tribunal d&rsquo;instance de Zweibr\u00fccken (HRA 23612)Associ\u00e9e [&hellip;]<\/p>\n","protected":false},"author":1,"featured_media":0,"parent":0,"menu_order":0,"comment_status":"closed","ping_status":"closed","template":"","meta":{"inline_featured_image":false,"footnotes":""},"class_list":["post-7113","page","type-page","status-publish","hentry"],"yoast_head":"<!-- This site is optimized with the Yoast SEO plugin v27.0 - https:\/\/yoast.com\/product\/yoast-seo-wordpress\/ -->\n<title>Mentions l\u00e9gales - PETER KAISER BRAND<\/title>\n<meta name=\"robots\" content=\"index, follow, max-snippet:-1, max-image-preview:large, max-video-preview:-1\" \/>\n<link rel=\"canonical\" href=\"https:\/\/brand.peter-kaiser.com\/fr\/mentions-legales\/\" \/>\n<meta property=\"og:locale\" content=\"fr_FR\" \/>\n<meta property=\"og:type\" content=\"article\" \/>\n<meta property=\"og:title\" content=\"Mentions l\u00e9gales - PETER KAISER BRAND\" \/>\n<meta property=\"og:description\" content=\"Mentions l\u00e9gales Informations obligatoires PETER KAISER, une marque de CAPRICE Schuhproduktion GmbH &amp; Co. KG CAPRICE Schuhproduktion GmbH &amp; Co. KGUne entreprise du groupe Wortmann Blocksbergstra\u00dfe 158D-66955 PirmasensTel.: +49 (0) 63 31 \/ 27 33-0Fax: +49 (0) 63 31 \/ 27 33-33E-Mail: info@caprice.de Num\u00e9ro d&rsquo;identification TVA DE 227 476 622Tribunal d&rsquo;instance de Zweibr\u00fccken (HRA 23612)Associ\u00e9e [&hellip;]\" \/>\n<meta property=\"og:url\" content=\"https:\/\/brand.peter-kaiser.com\/fr\/mentions-legales\/\" \/>\n<meta property=\"og:site_name\" content=\"PETER KAISER BRAND\" \/>\n<meta property=\"article:publisher\" content=\"https:\/\/www.facebook.com\/peterkaiser.de\" \/>\n<meta property=\"article:modified_time\" content=\"2025-07-23T09:44:43+00:00\" \/>\n<meta property=\"og:image\" content=\"https:\/\/brand.peter-kaiser.com\/wp-content\/uploads\/2025\/10\/Screenshot-2025-10-09-103241.png\" \/>\n\t<meta property=\"og:image:width\" content=\"1874\" \/>\n\t<meta property=\"og:image:height\" content=\"898\" \/>\n\t<meta property=\"og:image:type\" content=\"image\/png\" \/>\n<meta name=\"twitter:card\" content=\"summary_large_image\" \/>\n<script type=\"application\/ld+json\" class=\"yoast-schema-graph\">{\"@context\":\"https:\/\/schema.org\",\"@graph\":[{\"@type\":\"WebPage\",\"@id\":\"https:\/\/brand.peter-kaiser.com\/fr\/mentions-legales\/\",\"url\":\"https:\/\/brand.peter-kaiser.com\/fr\/mentions-legales\/\",\"name\":\"Mentions l\u00e9gales - PETER KAISER BRAND\",\"isPartOf\":{\"@id\":\"https:\/\/brand.peter-kaiser.com\/fr\/#website\"},\"datePublished\":\"2024-07-26T22:42:28+00:00\",\"dateModified\":\"2025-07-23T09:44:43+00:00\",\"breadcrumb\":{\"@id\":\"https:\/\/brand.peter-kaiser.com\/fr\/mentions-legales\/#breadcrumb\"},\"inLanguage\":\"fr-FR\",\"potentialAction\":[{\"@type\":\"ReadAction\",\"target\":[\"https:\/\/brand.peter-kaiser.com\/fr\/mentions-legales\/\"]}]},{\"@type\":\"BreadcrumbList\",\"@id\":\"https:\/\/brand.peter-kaiser.com\/fr\/mentions-legales\/#breadcrumb\",\"itemListElement\":[{\"@type\":\"ListItem\",\"position\":1,\"name\":\"Accueil\",\"item\":\"https:\/\/brand.peter-kaiser.com\/fr\/\"},{\"@type\":\"ListItem\",\"position\":2,\"name\":\"Mentions l\u00e9gales\"}]},{\"@type\":\"WebSite\",\"@id\":\"https:\/\/brand.peter-kaiser.com\/fr\/#website\",\"url\":\"https:\/\/brand.peter-kaiser.com\/fr\/\",\"name\":\"PETER KAISER Brand\",\"description\":\"beatifulsince1838\",\"publisher\":{\"@id\":\"https:\/\/brand.peter-kaiser.com\/fr\/#organization\"},\"alternateName\":\"PETER KAISER Brand\",\"potentialAction\":[{\"@type\":\"SearchAction\",\"target\":{\"@type\":\"EntryPoint\",\"urlTemplate\":\"https:\/\/brand.peter-kaiser.com\/fr\/?s={search_term_string}\"},\"query-input\":{\"@type\":\"PropertyValueSpecification\",\"valueRequired\":true,\"valueName\":\"search_term_string\"}}],\"inLanguage\":\"fr-FR\"},{\"@type\":\"Organization\",\"@id\":\"https:\/\/brand.peter-kaiser.com\/fr\/#organization\",\"name\":\"PETER KAISER BRAND\",\"url\":\"https:\/\/brand.peter-kaiser.com\/fr\/\",\"logo\":{\"@type\":\"ImageObject\",\"inLanguage\":\"fr-FR\",\"@id\":\"https:\/\/brand.peter-kaiser.com\/fr\/#\/schema\/logo\/image\/\",\"url\":\"https:\/\/brand.peter-kaiser.com\/wp-content\/uploads\/2024\/06\/Champagne-PK-Logo-with-Slogan-2.svg\",\"contentUrl\":\"https:\/\/brand.peter-kaiser.com\/wp-content\/uploads\/2024\/06\/Champagne-PK-Logo-with-Slogan-2.svg\",\"width\":100,\"height\":100,\"caption\":\"PETER KAISER BRAND\"},\"image\":{\"@id\":\"https:\/\/brand.peter-kaiser.com\/fr\/#\/schema\/logo\/image\/\"},\"sameAs\":[\"https:\/\/www.facebook.com\/peterkaiser.de\",\"https:\/\/www.instagram.com\/peterkaiser_official\/\",\"https:\/\/www.linkedin.com\/showcase\/peter-kaiser\",\"https:\/\/www.youtube.com\/@PETER-KAISER\"]}]}<\/script>\n<!-- \/ Yoast SEO plugin. -->","yoast_head_json":{"title":"Mentions l\u00e9gales - PETER KAISER BRAND","robots":{"index":"index","follow":"follow","max-snippet":"max-snippet:-1","max-image-preview":"max-image-preview:large","max-video-preview":"max-video-preview:-1"},"canonical":"https:\/\/brand.peter-kaiser.com\/fr\/mentions-legales\/","og_locale":"fr_FR","og_type":"article","og_title":"Mentions l\u00e9gales - PETER KAISER BRAND","og_description":"Mentions l\u00e9gales Informations obligatoires PETER KAISER, une marque de CAPRICE Schuhproduktion GmbH &amp; Co. KG CAPRICE Schuhproduktion GmbH &amp; Co. KGUne entreprise du groupe Wortmann Blocksbergstra\u00dfe 158D-66955 PirmasensTel.: +49 (0) 63 31 \/ 27 33-0Fax: +49 (0) 63 31 \/ 27 33-33E-Mail: info@caprice.de Num\u00e9ro d&rsquo;identification TVA DE 227 476 622Tribunal d&rsquo;instance de Zweibr\u00fccken (HRA 23612)Associ\u00e9e [&hellip;]","og_url":"https:\/\/brand.peter-kaiser.com\/fr\/mentions-legales\/","og_site_name":"PETER KAISER BRAND","article_publisher":"https:\/\/www.facebook.com\/peterkaiser.de","article_modified_time":"2025-07-23T09:44:43+00:00","og_image":[{"width":1874,"height":898,"url":"https:\/\/brand.peter-kaiser.com\/wp-content\/uploads\/2025\/10\/Screenshot-2025-10-09-103241.png","type":"image\/png"}],"twitter_card":"summary_large_image","schema":{"@context":"https:\/\/schema.org","@graph":[{"@type":"WebPage","@id":"https:\/\/brand.peter-kaiser.com\/fr\/mentions-legales\/","url":"https:\/\/brand.peter-kaiser.com\/fr\/mentions-legales\/","name":"Mentions l\u00e9gales - PETER KAISER BRAND","isPartOf":{"@id":"https:\/\/brand.peter-kaiser.com\/fr\/#website"},"datePublished":"2024-07-26T22:42:28+00:00","dateModified":"2025-07-23T09:44:43+00:00","breadcrumb":{"@id":"https:\/\/brand.peter-kaiser.com\/fr\/mentions-legales\/#breadcrumb"},"inLanguage":"fr-FR","potentialAction":[{"@type":"ReadAction","target":["https:\/\/brand.peter-kaiser.com\/fr\/mentions-legales\/"]}]},{"@type":"BreadcrumbList","@id":"https:\/\/brand.peter-kaiser.com\/fr\/mentions-legales\/#breadcrumb","itemListElement":[{"@type":"ListItem","position":1,"name":"Accueil","item":"https:\/\/brand.peter-kaiser.com\/fr\/"},{"@type":"ListItem","position":2,"name":"Mentions l\u00e9gales"}]},{"@type":"WebSite","@id":"https:\/\/brand.peter-kaiser.com\/fr\/#website","url":"https:\/\/brand.peter-kaiser.com\/fr\/","name":"PETER KAISER Brand","description":"beatifulsince1838","publisher":{"@id":"https:\/\/brand.peter-kaiser.com\/fr\/#organization"},"alternateName":"PETER KAISER Brand","potentialAction":[{"@type":"SearchAction","target":{"@type":"EntryPoint","urlTemplate":"https:\/\/brand.peter-kaiser.com\/fr\/?s={search_term_string}"},"query-input":{"@type":"PropertyValueSpecification","valueRequired":true,"valueName":"search_term_string"}}],"inLanguage":"fr-FR"},{"@type":"Organization","@id":"https:\/\/brand.peter-kaiser.com\/fr\/#organization","name":"PETER KAISER BRAND","url":"https:\/\/brand.peter-kaiser.com\/fr\/","logo":{"@type":"ImageObject","inLanguage":"fr-FR","@id":"https:\/\/brand.peter-kaiser.com\/fr\/#\/schema\/logo\/image\/","url":"https:\/\/brand.peter-kaiser.com\/wp-content\/uploads\/2024\/06\/Champagne-PK-Logo-with-Slogan-2.svg","contentUrl":"https:\/\/brand.peter-kaiser.com\/wp-content\/uploads\/2024\/06\/Champagne-PK-Logo-with-Slogan-2.svg","width":100,"height":100,"caption":"PETER KAISER BRAND"},"image":{"@id":"https:\/\/brand.peter-kaiser.com\/fr\/#\/schema\/logo\/image\/"},"sameAs":["https:\/\/www.facebook.com\/peterkaiser.de","https:\/\/www.instagram.com\/peterkaiser_official\/","https:\/\/www.linkedin.com\/showcase\/peter-kaiser","https:\/\/www.youtube.com\/@PETER-KAISER"]}]}},"_links":{"self":[{"href":"https:\/\/brand.peter-kaiser.com\/fr\/wp-json\/wp\/v2\/pages\/7113","targetHints":{"allow":["GET"]}}],"collection":[{"href":"https:\/\/brand.peter-kaiser.com\/fr\/wp-json\/wp\/v2\/pages"}],"about":[{"href":"https:\/\/brand.peter-kaiser.com\/fr\/wp-json\/wp\/v2\/types\/page"}],"author":[{"embeddable":true,"href":"https:\/\/brand.peter-kaiser.com\/fr\/wp-json\/wp\/v2\/users\/1"}],"replies":[{"embeddable":true,"href":"https:\/\/brand.peter-kaiser.com\/fr\/wp-json\/wp\/v2\/comments?post=7113"}],"version-history":[{"count":1,"href":"https:\/\/brand.peter-kaiser.com\/fr\/wp-json\/wp\/v2\/pages\/7113\/revisions"}],"predecessor-version":[{"id":7114,"href":"https:\/\/brand.peter-kaiser.com\/fr\/wp-json\/wp\/v2\/pages\/7113\/revisions\/7114"}],"wp:attachment":[{"href":"https:\/\/brand.peter-kaiser.com\/fr\/wp-json\/wp\/v2\/media?parent=7113"}],"curies":[{"name":"wp","href":"https:\/\/api.w.org\/{rel}","templated":true}]}}