{"id":7048,"date":"2024-06-20T22:40:06","date_gmt":"2024-06-20T20:40:06","guid":{"rendered":"https:\/\/brand.peter-kaiser.com\/contact\/"},"modified":"2025-08-18T12:04:03","modified_gmt":"2025-08-18T10:04:03","slug":"contact","status":"publish","type":"page","link":"https:\/\/brand.peter-kaiser.com\/fr\/contact\/","title":{"rendered":"Contact"},"content":{"rendered":"\t\t<div data-elementor-type=\"wp-page\" data-elementor-id=\"7048\" class=\"elementor elementor-7048 elementor-4966\" data-elementor-post-type=\"page\">\n\t\t\t\t<div class=\"elementor-element elementor-element-67e36e09 e-con-full e-flex e-con e-parent\" data-id=\"67e36e09\" data-element_type=\"container\" data-e-type=\"container\" data-settings=\"{&quot;background_background&quot;:&quot;classic&quot;}\">\n\t\t<div class=\"elementor-element elementor-element-5a79fac e-con-full e-flex e-con e-child\" data-id=\"5a79fac\" data-element_type=\"container\" data-e-type=\"container\" data-settings=\"{&quot;background_background&quot;:&quot;classic&quot;}\">\n\t\t\t\t<\/div>\n\t\t<div class=\"elementor-element elementor-element-c66f11f e-con-full e-flex e-con e-child\" data-id=\"c66f11f\" data-element_type=\"container\" data-e-type=\"container\" data-settings=\"{&quot;background_background&quot;:&quot;classic&quot;}\">\n\t\t<div class=\"elementor-element elementor-element-b6f67a2 e-con-full e-flex e-con e-child\" data-id=\"b6f67a2\" data-element_type=\"container\" data-e-type=\"container\" data-settings=\"{&quot;background_background&quot;:&quot;classic&quot;}\">\n\t\t\t\t<div class=\"elementor-element elementor-element-e03dcee elementor-widget elementor-widget-heading\" data-id=\"e03dcee\" data-element_type=\"widget\" data-e-type=\"widget\" data-widget_type=\"heading.default\">\n\t\t\t\t<div class=\"elementor-widget-container\">\n\t\t\t\t\t<h2 class=\"elementor-heading-title elementor-size-default\">Centre de d\u00e9claration pour la s\u00e9curit\u00e9 des produits<\/h2>\t\t\t\t<\/div>\n\t\t\t\t<\/div>\n\t\t\t\t<div class=\"elementor-element elementor-element-f9359b9 elementor-widget elementor-widget-text-editor\" data-id=\"f9359b9\" data-element_type=\"widget\" data-e-type=\"widget\" data-widget_type=\"text-editor.default\">\n\t\t\t\t<div class=\"elementor-widget-container\">\n\t\t\t\t\t\t\t\t\t<p class=\"p1\">Pour toutes les questions li\u00e9es \u00e0 la s\u00e9curit\u00e9 de nos produits, nous avons mis en place un canal de communication d\u00e9di\u00e9 auquel vous pouvez vous adresser. Si vous constatez un probl\u00e8me de s\u00e9curit\u00e9 concernant l\u2019un de nos produits, si un accident li\u00e9 \u00e0 l\u2019un de nos produits s\u2019est produit ou si vous avez d\u2019autres r\u00e9clamations concernant la s\u00e9curit\u00e9 de l\u2019un de nos produits, veuillez contacter <a style=\"color: #cabeae;\" href=\"mailto:service@peter-kaiser.com\">service@peter-kaiser.com<\/a>  <\/p>\t\t\t\t\t\t\t\t<\/div>\n\t\t\t\t<\/div>\n\t\t\t\t<div class=\"elementor-element elementor-element-81cb7be elementor-widget elementor-widget-heading\" data-id=\"81cb7be\" data-element_type=\"widget\" data-e-type=\"widget\" data-widget_type=\"heading.default\">\n\t\t\t\t<div class=\"elementor-widget-container\">\n\t\t\t\t\t<h2 class=\"elementor-heading-title elementor-size-default\">Nous contacter<\/h2>\t\t\t\t<\/div>\n\t\t\t\t<\/div>\n\t\t\t\t<div class=\"elementor-element elementor-element-e23b5fb elementor-widget elementor-widget-text-editor\" data-id=\"e23b5fb\" data-element_type=\"widget\" data-e-type=\"widget\" data-widget_type=\"text-editor.default\">\n\t\t\t\t<div class=\"elementor-widget-container\">\n\t\t\t\t\t\t\t\t\t<p class=\"p1\">Nous vous remercions pour l\u2019int\u00e9r\u00eat que vous portez \u00e0 l\u2019univers raffin\u00e9 de PETER KAISER. Que vous souhaitiez en savoir davantage sur nos collections ou envisager un partenariat, notre \u00e9quipe se tient \u00e0 votre enti\u00e8re disposition. <\/p><p class=\"p1\">Nous vous invitons \u00e0 remplir le formulaire de contact ; nous vous r\u00e9pondrons dans les plus brefs d\u00e9lais. <\/p>\t\t\t\t\t\t\t\t<\/div>\n\t\t\t\t<\/div>\n\t\t\t\t<\/div>\n\t\t<div class=\"elementor-element elementor-element-f3cb491 e-con-full e-flex e-con e-child\" data-id=\"f3cb491\" data-element_type=\"container\" data-e-type=\"container\" data-settings=\"{&quot;background_background&quot;:&quot;classic&quot;}\">\n\t\t\t\t<div class=\"elementor-element elementor-element-27ec985 elementor-button-align-end elementor-mobile-button-align-end elementor-widget elementor-widget-form\" data-id=\"27ec985\" data-element_type=\"widget\" data-e-type=\"widget\" data-settings=\"{&quot;step_next_label&quot;:&quot;Suivant&quot;,&quot;step_previous_label&quot;:&quot;Pr\\u00e9c\\u00e9dent&quot;,&quot;step_type&quot;:&quot;number_text&quot;,&quot;step_icon_shape&quot;:&quot;circle&quot;}\" data-widget_type=\"form.default\">\n\t\t\t\t<div class=\"elementor-widget-container\">\n\t\t\t\t\t\t\t<form class=\"elementor-form\" method=\"post\" id=\"kontakt_form\" name=\"Formulaire de contact\" aria-label=\"Formulaire de contact\" novalidate=\"\">\n\t\t\t<input type=\"hidden\" name=\"post_id\" value=\"7048\"\/>\n\t\t\t<input type=\"hidden\" name=\"form_id\" value=\"27ec985\"\/>\n\t\t\t<input type=\"hidden\" name=\"referer_title\" value=\"Contact - PETER KAISER BRAND\" \/>\n\n\t\t\t\t\t\t\t<input type=\"hidden\" name=\"queried_id\" value=\"7048\"\/>\n\t\t\t\n\t\t\t<div class=\"elementor-form-fields-wrapper elementor-labels-above\">\n\t\t\t\t\t\t\t\t<div class=\"elementor-field-type-text elementor-field-group elementor-column elementor-field-group-field_aba1f04 elementor-col-50 elementor-field-required elementor-mark-required\">\n\t\t\t\t\t\t\t\t\t\t\t\t<label for=\"form-field-field_aba1f04\" class=\"elementor-field-label\">\n\t\t\t\t\t\t\t\tPr\u00e9nom\t\t\t\t\t\t\t<\/label>\n\t\t\t\t\t\t\t\t\t\t\t\t\t\t<input size=\"1\" type=\"text\" name=\"form_fields[field_aba1f04]\" id=\"form-field-field_aba1f04\" class=\"elementor-field elementor-size-sm  elementor-field-textual\" required=\"required\">\n\t\t\t\t\t\t\t\t\t\t\t<\/div>\n\t\t\t\t\t\t\t\t<div class=\"elementor-field-type-text elementor-field-group elementor-column elementor-field-group-field_991620a elementor-col-50 elementor-field-required elementor-mark-required\">\n\t\t\t\t\t\t\t\t\t\t\t\t<label for=\"form-field-field_991620a\" class=\"elementor-field-label\">\n\t\t\t\t\t\t\t\tNom de famille\t\t\t\t\t\t\t<\/label>\n\t\t\t\t\t\t\t\t\t\t\t\t\t\t<input size=\"1\" type=\"text\" name=\"form_fields[field_991620a]\" id=\"form-field-field_991620a\" class=\"elementor-field elementor-size-sm  elementor-field-textual\" required=\"required\">\n\t\t\t\t\t\t\t\t\t\t\t<\/div>\n\t\t\t\t\t\t\t\t<div class=\"elementor-field-type-tel elementor-field-group elementor-column elementor-field-group-field_529ae5b elementor-col-50\">\n\t\t\t\t\t\t\t\t\t\t\t\t<label for=\"form-field-field_529ae5b\" class=\"elementor-field-label\">\n\t\t\t\t\t\t\t\tT\u00e9l\u00e9phone\t\t\t\t\t\t\t<\/label>\n\t\t\t\t\t\t\t\t<input size=\"1\" type=\"tel\" name=\"form_fields[field_529ae5b]\" id=\"form-field-field_529ae5b\" class=\"elementor-field elementor-size-sm  elementor-field-textual\" pattern=\"[0-9()#&amp;+*-=.]+\" title=\"Seuls les caract\u00e8res de num\u00e9ros de t\u00e9l\u00e9phone (#, -, *, etc.) sont accept\u00e9s.\">\n\n\t\t\t\t\t\t<\/div>\n\t\t\t\t\t\t\t\t<div class=\"elementor-field-type-email elementor-field-group elementor-column elementor-field-group-email elementor-col-50 elementor-field-required elementor-mark-required\">\n\t\t\t\t\t\t\t\t\t\t\t\t<label for=\"form-field-email\" class=\"elementor-field-label\">\n\t\t\t\t\t\t\t\tE-mail\t\t\t\t\t\t\t<\/label>\n\t\t\t\t\t\t\t\t\t\t\t\t\t\t<input size=\"1\" type=\"email\" name=\"form_fields[email]\" id=\"form-field-email\" class=\"elementor-field elementor-size-sm  elementor-field-textual\" required=\"required\">\n\t\t\t\t\t\t\t\t\t\t\t<\/div>\n\t\t\t\t\t\t\t\t<div class=\"elementor-field-type-textarea elementor-field-group elementor-column elementor-field-group-field_9db9a2a elementor-col-100 elementor-field-required elementor-mark-required\">\n\t\t\t\t\t\t\t\t\t\t\t\t<label for=\"form-field-field_9db9a2a\" class=\"elementor-field-label\">\n\t\t\t\t\t\t\t\tVotre message\t\t\t\t\t\t\t<\/label>\n\t\t\t\t\t\t<textarea class=\"elementor-field-textual elementor-field  elementor-size-sm\" name=\"form_fields[field_9db9a2a]\" id=\"form-field-field_9db9a2a\" rows=\"3\" required=\"required\"><\/textarea>\t\t\t\t<\/div>\n\t\t\t\t\t\t\t\t<div class=\"elementor-field-group elementor-column elementor-field-type-submit elementor-col-100 e-form__buttons\">\n\t\t\t\t\t<button class=\"elementor-button elementor-size-sm\" type=\"submit\">\n\t\t\t\t\t\t<span class=\"elementor-button-content-wrapper\">\n\t\t\t\t\t\t\t\t\t\t\t\t\t\t\t\t\t\t\t\t\t\t<span class=\"elementor-button-text\">Envoyer<\/span>\n\t\t\t\t\t\t\t\t\t\t\t\t\t<\/span>\n\t\t\t\t\t<\/button>\n\t\t\t\t<\/div>\n\t\t\t<\/div>\n\t\t<\/form>\n\t\t\t\t\t\t<\/div>\n\t\t\t\t<\/div>\n\t\t\t\t<\/div>\n\t\t\t\t<\/div>\n\t\t\t\t<\/div>\n\t\t<div class=\"elementor-element elementor-element-712f867 e-flex e-con-boxed e-con e-parent\" data-id=\"712f867\" data-element_type=\"container\" data-e-type=\"container\">\n\t\t\t\t\t<div class=\"e-con-inner\">\n\t\t\t\t\t<\/div>\n\t\t\t\t<\/div>\n\t\t\t\t<\/div>\n\t\t","protected":false},"excerpt":{"rendered":"<p>Centre de d\u00e9claration pour la s\u00e9curit\u00e9 des produits Pour toutes les questions li\u00e9es \u00e0 la s\u00e9curit\u00e9 de nos produits, nous avons mis en place un canal de communication d\u00e9di\u00e9 auquel vous pouvez vous adresser. Si vous constatez un probl\u00e8me de s\u00e9curit\u00e9 concernant l\u2019un de nos produits, si un accident li\u00e9 \u00e0 l\u2019un de nos produits [&hellip;]<\/p>\n","protected":false},"author":1,"featured_media":0,"parent":0,"menu_order":0,"comment_status":"closed","ping_status":"closed","template":"","meta":{"inline_featured_image":false,"footnotes":""},"class_list":["post-7048","page","type-page","status-publish","hentry"],"yoast_head":"<!-- This site is optimized with the Yoast SEO plugin v27.0 - https:\/\/yoast.com\/product\/yoast-seo-wordpress\/ -->\n<title>Contact - PETER KAISER BRAND<\/title>\n<meta name=\"robots\" content=\"index, follow, max-snippet:-1, max-image-preview:large, max-video-preview:-1\" \/>\n<link rel=\"canonical\" href=\"https:\/\/brand.peter-kaiser.com\/fr\/contact\/\" \/>\n<meta property=\"og:locale\" content=\"fr_FR\" \/>\n<meta property=\"og:type\" content=\"article\" \/>\n<meta property=\"og:title\" content=\"Contact - PETER KAISER BRAND\" \/>\n<meta property=\"og:description\" content=\"Centre de d\u00e9claration pour la s\u00e9curit\u00e9 des produits Pour toutes les questions li\u00e9es \u00e0 la s\u00e9curit\u00e9 de nos produits, nous avons mis en place un canal de communication d\u00e9di\u00e9 auquel vous pouvez vous adresser. Si vous constatez un probl\u00e8me de s\u00e9curit\u00e9 concernant l\u2019un de nos produits, si un accident li\u00e9 \u00e0 l\u2019un de nos produits [&hellip;]\" \/>\n<meta property=\"og:url\" content=\"https:\/\/brand.peter-kaiser.com\/fr\/contact\/\" \/>\n<meta property=\"og:site_name\" content=\"PETER KAISER BRAND\" \/>\n<meta property=\"article:publisher\" content=\"https:\/\/www.facebook.com\/peterkaiser.de\" \/>\n<meta property=\"article:modified_time\" content=\"2025-08-18T10:04:03+00:00\" \/>\n<meta property=\"og:image\" content=\"https:\/\/brand.peter-kaiser.com\/wp-content\/uploads\/2025\/10\/Screenshot-2025-10-09-103241.png\" \/>\n\t<meta property=\"og:image:width\" content=\"1874\" \/>\n\t<meta property=\"og:image:height\" content=\"898\" \/>\n\t<meta property=\"og:image:type\" content=\"image\/png\" \/>\n<meta name=\"twitter:card\" content=\"summary_large_image\" \/>\n<meta name=\"twitter:label1\" content=\"Dur\u00e9e de lecture estim\u00e9e\" \/>\n\t<meta name=\"twitter:data1\" content=\"1 minute\" \/>\n<script type=\"application\/ld+json\" class=\"yoast-schema-graph\">{\"@context\":\"https:\/\/schema.org\",\"@graph\":[{\"@type\":\"WebPage\",\"@id\":\"https:\/\/brand.peter-kaiser.com\/fr\/contact\/\",\"url\":\"https:\/\/brand.peter-kaiser.com\/fr\/contact\/\",\"name\":\"Contact - PETER KAISER BRAND\",\"isPartOf\":{\"@id\":\"https:\/\/brand.peter-kaiser.com\/fr\/#website\"},\"datePublished\":\"2024-06-20T20:40:06+00:00\",\"dateModified\":\"2025-08-18T10:04:03+00:00\",\"breadcrumb\":{\"@id\":\"https:\/\/brand.peter-kaiser.com\/fr\/contact\/#breadcrumb\"},\"inLanguage\":\"fr-FR\",\"potentialAction\":[{\"@type\":\"ReadAction\",\"target\":[\"https:\/\/brand.peter-kaiser.com\/fr\/contact\/\"]}]},{\"@type\":\"BreadcrumbList\",\"@id\":\"https:\/\/brand.peter-kaiser.com\/fr\/contact\/#breadcrumb\",\"itemListElement\":[{\"@type\":\"ListItem\",\"position\":1,\"name\":\"Accueil\",\"item\":\"https:\/\/brand.peter-kaiser.com\/fr\/\"},{\"@type\":\"ListItem\",\"position\":2,\"name\":\"Contact\"}]},{\"@type\":\"WebSite\",\"@id\":\"https:\/\/brand.peter-kaiser.com\/fr\/#website\",\"url\":\"https:\/\/brand.peter-kaiser.com\/fr\/\",\"name\":\"PETER KAISER Brand\",\"description\":\"beatifulsince1838\",\"publisher\":{\"@id\":\"https:\/\/brand.peter-kaiser.com\/fr\/#organization\"},\"alternateName\":\"PETER KAISER Brand\",\"potentialAction\":[{\"@type\":\"SearchAction\",\"target\":{\"@type\":\"EntryPoint\",\"urlTemplate\":\"https:\/\/brand.peter-kaiser.com\/fr\/?s={search_term_string}\"},\"query-input\":{\"@type\":\"PropertyValueSpecification\",\"valueRequired\":true,\"valueName\":\"search_term_string\"}}],\"inLanguage\":\"fr-FR\"},{\"@type\":\"Organization\",\"@id\":\"https:\/\/brand.peter-kaiser.com\/fr\/#organization\",\"name\":\"PETER KAISER BRAND\",\"url\":\"https:\/\/brand.peter-kaiser.com\/fr\/\",\"logo\":{\"@type\":\"ImageObject\",\"inLanguage\":\"fr-FR\",\"@id\":\"https:\/\/brand.peter-kaiser.com\/fr\/#\/schema\/logo\/image\/\",\"url\":\"https:\/\/brand.peter-kaiser.com\/wp-content\/uploads\/2024\/06\/Champagne-PK-Logo-with-Slogan-2.svg\",\"contentUrl\":\"https:\/\/brand.peter-kaiser.com\/wp-content\/uploads\/2024\/06\/Champagne-PK-Logo-with-Slogan-2.svg\",\"width\":100,\"height\":100,\"caption\":\"PETER KAISER BRAND\"},\"image\":{\"@id\":\"https:\/\/brand.peter-kaiser.com\/fr\/#\/schema\/logo\/image\/\"},\"sameAs\":[\"https:\/\/www.facebook.com\/peterkaiser.de\",\"https:\/\/www.instagram.com\/peterkaiser_official\/\",\"https:\/\/www.linkedin.com\/showcase\/peter-kaiser\",\"https:\/\/www.youtube.com\/@PETER-KAISER\"]}]}<\/script>\n<!-- \/ Yoast SEO plugin. -->","yoast_head_json":{"title":"Contact - PETER KAISER BRAND","robots":{"index":"index","follow":"follow","max-snippet":"max-snippet:-1","max-image-preview":"max-image-preview:large","max-video-preview":"max-video-preview:-1"},"canonical":"https:\/\/brand.peter-kaiser.com\/fr\/contact\/","og_locale":"fr_FR","og_type":"article","og_title":"Contact - PETER KAISER BRAND","og_description":"Centre de d\u00e9claration pour la s\u00e9curit\u00e9 des produits Pour toutes les questions li\u00e9es \u00e0 la s\u00e9curit\u00e9 de nos produits, nous avons mis en place un canal de communication d\u00e9di\u00e9 auquel vous pouvez vous adresser. Si vous constatez un probl\u00e8me de s\u00e9curit\u00e9 concernant l\u2019un de nos produits, si un accident li\u00e9 \u00e0 l\u2019un de nos produits [&hellip;]","og_url":"https:\/\/brand.peter-kaiser.com\/fr\/contact\/","og_site_name":"PETER KAISER BRAND","article_publisher":"https:\/\/www.facebook.com\/peterkaiser.de","article_modified_time":"2025-08-18T10:04:03+00:00","og_image":[{"width":1874,"height":898,"url":"https:\/\/brand.peter-kaiser.com\/wp-content\/uploads\/2025\/10\/Screenshot-2025-10-09-103241.png","type":"image\/png"}],"twitter_card":"summary_large_image","twitter_misc":{"Dur\u00e9e de lecture estim\u00e9e":"1 minute"},"schema":{"@context":"https:\/\/schema.org","@graph":[{"@type":"WebPage","@id":"https:\/\/brand.peter-kaiser.com\/fr\/contact\/","url":"https:\/\/brand.peter-kaiser.com\/fr\/contact\/","name":"Contact - PETER KAISER BRAND","isPartOf":{"@id":"https:\/\/brand.peter-kaiser.com\/fr\/#website"},"datePublished":"2024-06-20T20:40:06+00:00","dateModified":"2025-08-18T10:04:03+00:00","breadcrumb":{"@id":"https:\/\/brand.peter-kaiser.com\/fr\/contact\/#breadcrumb"},"inLanguage":"fr-FR","potentialAction":[{"@type":"ReadAction","target":["https:\/\/brand.peter-kaiser.com\/fr\/contact\/"]}]},{"@type":"BreadcrumbList","@id":"https:\/\/brand.peter-kaiser.com\/fr\/contact\/#breadcrumb","itemListElement":[{"@type":"ListItem","position":1,"name":"Accueil","item":"https:\/\/brand.peter-kaiser.com\/fr\/"},{"@type":"ListItem","position":2,"name":"Contact"}]},{"@type":"WebSite","@id":"https:\/\/brand.peter-kaiser.com\/fr\/#website","url":"https:\/\/brand.peter-kaiser.com\/fr\/","name":"PETER KAISER Brand","description":"beatifulsince1838","publisher":{"@id":"https:\/\/brand.peter-kaiser.com\/fr\/#organization"},"alternateName":"PETER KAISER Brand","potentialAction":[{"@type":"SearchAction","target":{"@type":"EntryPoint","urlTemplate":"https:\/\/brand.peter-kaiser.com\/fr\/?s={search_term_string}"},"query-input":{"@type":"PropertyValueSpecification","valueRequired":true,"valueName":"search_term_string"}}],"inLanguage":"fr-FR"},{"@type":"Organization","@id":"https:\/\/brand.peter-kaiser.com\/fr\/#organization","name":"PETER KAISER BRAND","url":"https:\/\/brand.peter-kaiser.com\/fr\/","logo":{"@type":"ImageObject","inLanguage":"fr-FR","@id":"https:\/\/brand.peter-kaiser.com\/fr\/#\/schema\/logo\/image\/","url":"https:\/\/brand.peter-kaiser.com\/wp-content\/uploads\/2024\/06\/Champagne-PK-Logo-with-Slogan-2.svg","contentUrl":"https:\/\/brand.peter-kaiser.com\/wp-content\/uploads\/2024\/06\/Champagne-PK-Logo-with-Slogan-2.svg","width":100,"height":100,"caption":"PETER KAISER BRAND"},"image":{"@id":"https:\/\/brand.peter-kaiser.com\/fr\/#\/schema\/logo\/image\/"},"sameAs":["https:\/\/www.facebook.com\/peterkaiser.de","https:\/\/www.instagram.com\/peterkaiser_official\/","https:\/\/www.linkedin.com\/showcase\/peter-kaiser","https:\/\/www.youtube.com\/@PETER-KAISER"]}]}},"_links":{"self":[{"href":"https:\/\/brand.peter-kaiser.com\/fr\/wp-json\/wp\/v2\/pages\/7048","targetHints":{"allow":["GET"]}}],"collection":[{"href":"https:\/\/brand.peter-kaiser.com\/fr\/wp-json\/wp\/v2\/pages"}],"about":[{"href":"https:\/\/brand.peter-kaiser.com\/fr\/wp-json\/wp\/v2\/types\/page"}],"author":[{"embeddable":true,"href":"https:\/\/brand.peter-kaiser.com\/fr\/wp-json\/wp\/v2\/users\/1"}],"replies":[{"embeddable":true,"href":"https:\/\/brand.peter-kaiser.com\/fr\/wp-json\/wp\/v2\/comments?post=7048"}],"version-history":[{"count":5,"href":"https:\/\/brand.peter-kaiser.com\/fr\/wp-json\/wp\/v2\/pages\/7048\/revisions"}],"predecessor-version":[{"id":8344,"href":"https:\/\/brand.peter-kaiser.com\/fr\/wp-json\/wp\/v2\/pages\/7048\/revisions\/8344"}],"wp:attachment":[{"href":"https:\/\/brand.peter-kaiser.com\/fr\/wp-json\/wp\/v2\/media?parent=7048"}],"curies":[{"name":"wp","href":"https:\/\/api.w.org\/{rel}","templated":true}]}}