{"id":7035,"date":"2024-07-11T17:08:25","date_gmt":"2024-07-11T15:08:25","guid":{"rendered":"https:\/\/brand.peter-kaiser.com\/b2b-2\/"},"modified":"2025-08-19T13:28:21","modified_gmt":"2025-08-19T11:28:21","slug":"b2b","status":"publish","type":"page","link":"https:\/\/brand.peter-kaiser.com\/fr\/b2b\/","title":{"rendered":"B2B"},"content":{"rendered":"\t\t<div data-elementor-type=\"wp-page\" data-elementor-id=\"7035\" class=\"elementor elementor-7035 elementor-1530\" data-elementor-post-type=\"page\">\n\t\t\t\t<div class=\"elementor-element elementor-element-efd3278 e-con-full e-flex e-con e-parent\" data-id=\"efd3278\" data-element_type=\"container\" data-e-type=\"container\" data-settings=\"{&quot;background_background&quot;:&quot;classic&quot;}\">\n\t\t<div class=\"elementor-element elementor-element-6679ec7 e-con-full e-flex e-con e-child\" data-id=\"6679ec7\" data-element_type=\"container\" data-e-type=\"container\" data-settings=\"{&quot;background_background&quot;:&quot;classic&quot;}\">\n\t\t\t\t<div class=\"elementor-element elementor-element-b1da0c3 elementor-widget__width-initial elementor-widget elementor-widget-heading\" data-id=\"b1da0c3\" data-element_type=\"widget\" data-e-type=\"widget\" data-widget_type=\"heading.default\">\n\t\t\t\t<div class=\"elementor-widget-container\">\n\t\t\t\t\t<h2 class=\"elementor-heading-title elementor-size-default\">Elever l\u2019iconique<\/h2>\t\t\t\t<\/div>\n\t\t\t\t<\/div>\n\t\t\t\t<div class=\"elementor-element elementor-element-a5499d1 elementor-widget-mobile__width-initial elementor-widget elementor-widget-heading\" data-id=\"a5499d1\" data-element_type=\"widget\" data-e-type=\"widget\" data-widget_type=\"heading.default\">\n\t\t\t\t<div class=\"elementor-widget-container\">\n\t\t\t\t\t<h2 class=\"elementor-heading-title elementor-size-default\">PETER KAISER signe un nouveau chapitre de son histoire<\/h2>\t\t\t\t<\/div>\n\t\t\t\t<\/div>\n\t\t\t\t<div class=\"elementor-element elementor-element-bd88266 elementor-widget elementor-widget-text-editor\" data-id=\"bd88266\" data-element_type=\"widget\" data-e-type=\"widget\" data-widget_type=\"text-editor.default\">\n\t\t\t\t<div class=\"elementor-widget-container\">\n\t\t\t\t\t\t\t\t\t<p>Nous perp\u00e9tuons l\u2019h\u00e9ritage qui fait la renomm\u00e9e de PETER KAISER depuis 1838, tout en y insufflant l\u2019\u00e9lan de l\u2019innovation. Ce savoir-faire unique \u2013 propre \u00e0 la plus ancienne maison de chaussures pour femmes en Europe \u2013 s\u2019exprime pleinement \u00e0 travers un \u00e9l\u00e9ment fondamental : la forme. <\/p>\t\t\t\t\t\t\t\t<\/div>\n\t\t\t\t<\/div>\n\t\t\t\t<div class=\"elementor-element elementor-element-a5e25da elementor-widget elementor-widget-text-editor\" data-id=\"a5e25da\" data-element_type=\"widget\" data-e-type=\"widget\" data-widget_type=\"text-editor.default\">\n\t\t\t\t<div class=\"elementor-widget-container\">\n\t\t\t\t\t\t\t\t\t<p>Ju\u0308rgen C\u00f6lsch<\/p>\t\t\t\t\t\t\t\t<\/div>\n\t\t\t\t<\/div>\n\t\t\t\t<\/div>\n\t\t<div class=\"elementor-element elementor-element-32d412b e-con-full e-flex e-con e-child\" data-id=\"32d412b\" data-element_type=\"container\" data-e-type=\"container\" data-settings=\"{&quot;background_background&quot;:&quot;classic&quot;}\">\n\t\t\t\t<\/div>\n\t\t\t\t<\/div>\n\t\t<div class=\"elementor-element elementor-element-fe59b6e e-flex e-con-boxed e-con e-parent\" data-id=\"fe59b6e\" data-element_type=\"container\" data-e-type=\"container\" data-settings=\"{&quot;background_background&quot;:&quot;classic&quot;}\">\n\t\t\t\t\t<div class=\"e-con-inner\">\n\t\t\t\t<div class=\"elementor-element elementor-element-36d17ed elementor-widget elementor-widget-heading\" data-id=\"36d17ed\" data-element_type=\"widget\" data-e-type=\"widget\" data-widget_type=\"heading.default\">\n\t\t\t\t<div class=\"elementor-widget-container\">\n\t\t\t\t\t<h2 class=\"elementor-heading-title elementor-size-default\">L'\u00e9volution d'une l\u00e9gende<\/h2>\t\t\t\t<\/div>\n\t\t\t\t<\/div>\n\t\t\t\t<div class=\"elementor-element elementor-element-763ee42 elementor-widget-mobile__width-initial elementor-widget elementor-widget-heading\" data-id=\"763ee42\" data-element_type=\"widget\" data-e-type=\"widget\" data-widget_type=\"heading.default\">\n\t\t\t\t<div class=\"elementor-widget-container\">\n\t\t\t\t\t<h2 class=\"elementor-heading-title elementor-size-default\">PETER KAISER prend une nouvelle direction<\/h2>\t\t\t\t<\/div>\n\t\t\t\t<\/div>\n\t\t<div class=\"elementor-element elementor-element-41146ae e-con-full e-flex e-con e-child\" data-id=\"41146ae\" data-element_type=\"container\" data-e-type=\"container\">\n\t\t\t\t<div class=\"elementor-element elementor-element-5274854 elementor-widget elementor-widget-spacer\" data-id=\"5274854\" data-element_type=\"widget\" data-e-type=\"widget\" data-widget_type=\"spacer.default\">\n\t\t\t\t<div class=\"elementor-widget-container\">\n\t\t\t\t\t\t\t<div class=\"elementor-spacer\">\n\t\t\t<div class=\"elementor-spacer-inner\"><\/div>\n\t\t<\/div>\n\t\t\t\t\t\t<\/div>\n\t\t\t\t<\/div>\n\t\t\t\t<div class=\"elementor-element elementor-element-e5467fa elementor-widget elementor-widget-text-editor\" data-id=\"e5467fa\" data-element_type=\"widget\" data-e-type=\"widget\" data-widget_type=\"text-editor.default\">\n\t\t\t\t<div class=\"elementor-widget-container\">\n\t\t\t\t\t\t\t\t\t<p>En tant que leader historique dans le domaine de la mode masculine, PETER KAISER est la marque pr\u00e9f\u00e9r\u00e9e d&rsquo;un groupe cible exigeant. Sa longue histoire, son savoir-faire complet et sa renomm\u00e9e parlent d&rsquo;eux-m\u00eames. L&rsquo;expertise et les capacit\u00e9s de production de la famille CAPRICE offrent un immense potentiel et la possibilit\u00e9 de conqu\u00e9rir de nouveaux segments de march\u00e9 dans le domaine des v\u00eatements d\u00e9contract\u00e9s et des baskets.  <\/p>\t\t\t\t\t\t\t\t<\/div>\n\t\t\t\t<\/div>\n\t\t\t\t<\/div>\n\t\t\t\t\t<\/div>\n\t\t\t\t<\/div>\n\t\t<div class=\"elementor-element elementor-element-0d12c70 e-con-full e-flex e-con e-parent\" data-id=\"0d12c70\" data-element_type=\"container\" data-e-type=\"container\">\n\t\t<div class=\"elementor-element elementor-element-133adc5 e-con-full e-flex e-con e-child\" data-id=\"133adc5\" data-element_type=\"container\" data-e-type=\"container\">\n\t\t<div class=\"elementor-element elementor-element-270e112 e-con-full e-flex e-con e-child\" data-id=\"270e112\" data-element_type=\"container\" data-e-type=\"container\">\n\t\t<a class=\"elementor-element elementor-element-dac281c e-con-full e-flex e-con e-child\" data-id=\"dac281c\" data-element_type=\"container\" data-e-type=\"container\" data-settings=\"{&quot;background_background&quot;:&quot;classic&quot;}\" href=\"#elementor-action%3Aaction%3Dpopup%3Aopen%26settings%3DeyJpZCI6NzU0NiwidG9nZ2xlIjpmYWxzZX0%3D\">\n\t\t\t\t<\/a>\n\t\t<div class=\"elementor-element elementor-element-bac7e1c e-con-full e-flex e-con e-child\" data-id=\"bac7e1c\" data-element_type=\"container\" data-e-type=\"container\">\n\t\t\t\t<div class=\"elementor-element elementor-element-1f92f10 elementor-widget-tablet__width-auto elementor-widget elementor-widget-heading\" data-id=\"1f92f10\" data-element_type=\"widget\" data-e-type=\"widget\" data-widget_type=\"heading.default\">\n\t\t\t\t<div class=\"elementor-widget-container\">\n\t\t\t\t\t<h2 class=\"elementor-heading-title elementor-size-default\">NOS Program<\/h2>\t\t\t\t<\/div>\n\t\t\t\t<\/div>\n\t\t\t\t<div class=\"elementor-element elementor-element-6785553 elementor-align-right elementor-widget-tablet__width-auto elementor-mobile-align-center elementor-widget elementor-widget-button\" data-id=\"6785553\" data-element_type=\"widget\" data-e-type=\"widget\" data-widget_type=\"button.default\">\n\t\t\t\t<div class=\"elementor-widget-container\">\n\t\t\t\t\t\t\t\t\t<div class=\"elementor-button-wrapper\">\n\t\t\t\t\t<a class=\"elementor-button elementor-button-link elementor-size-sm\" href=\"#elementor-action%3Aaction%3Dpopup%3Aopen%26settings%3DeyJpZCI6NzU0NiwidG9nZ2xlIjpmYWxzZX0%3D\" target=\"_blank\">\n\t\t\t\t\t\t<span class=\"elementor-button-content-wrapper\">\n\t\t\t\t\t\t\t\t\t<span class=\"elementor-button-text\">Plus<\/span>\n\t\t\t\t\t<\/span>\n\t\t\t\t\t<\/a>\n\t\t\t\t<\/div>\n\t\t\t\t\t\t\t\t<\/div>\n\t\t\t\t<\/div>\n\t\t\t\t<\/div>\n\t\t<div class=\"elementor-element elementor-element-20717bf e-con-full e-flex e-con e-child\" data-id=\"20717bf\" data-element_type=\"container\" data-e-type=\"container\">\n\t\t\t\t<div class=\"elementor-element elementor-element-68f0639 elementor-widget elementor-widget-heading\" data-id=\"68f0639\" data-element_type=\"widget\" data-e-type=\"widget\" data-widget_type=\"heading.default\">\n\t\t\t\t<div class=\"elementor-widget-container\">\n\t\t\t\t\t<h2 class=\"elementor-heading-title elementor-size-default\">Never-Out-of-Stock<\/h2>\t\t\t\t<\/div>\n\t\t\t\t<\/div>\n\t\t\t\t<\/div>\n\t\t\t\t<\/div>\n\t\t<div class=\"elementor-element elementor-element-c222e7a e-con-full e-flex e-con e-child\" data-id=\"c222e7a\" data-element_type=\"container\" data-e-type=\"container\">\n\t\t<a class=\"elementor-element elementor-element-149256c e-con-full e-flex e-con e-child\" data-id=\"149256c\" data-element_type=\"container\" data-e-type=\"container\" data-settings=\"{&quot;background_background&quot;:&quot;classic&quot;}\" href=\"https:\/\/brand.peter-kaiser.com\/fr\/votre-interlocuteur\/\">\n\t\t\t\t<\/a>\n\t\t<div class=\"elementor-element elementor-element-115e951 e-con-full e-flex e-con e-child\" data-id=\"115e951\" data-element_type=\"container\" data-e-type=\"container\">\n\t\t\t\t<div class=\"elementor-element elementor-element-c6b0c4b elementor-widget-tablet__width-auto elementor-widget elementor-widget-heading\" data-id=\"c6b0c4b\" data-element_type=\"widget\" data-e-type=\"widget\" data-widget_type=\"heading.default\">\n\t\t\t\t<div class=\"elementor-widget-container\">\n\t\t\t\t\t<h2 class=\"elementor-heading-title elementor-size-default\">Vos contacts<\/h2>\t\t\t\t<\/div>\n\t\t\t\t<\/div>\n\t\t\t\t<div class=\"elementor-element elementor-element-1ec267f elementor-align-right elementor-mobile-align-center elementor-widget-tablet__width-auto elementor-widget elementor-widget-button\" data-id=\"1ec267f\" data-element_type=\"widget\" data-e-type=\"widget\" data-widget_type=\"button.default\">\n\t\t\t\t<div class=\"elementor-widget-container\">\n\t\t\t\t\t\t\t\t\t<div class=\"elementor-button-wrapper\">\n\t\t\t\t\t<a class=\"elementor-button elementor-button-link elementor-size-sm\" href=\"https:\/\/brand.peter-kaiser.com\/fr\/votre-interlocuteur\/\">\n\t\t\t\t\t\t<span class=\"elementor-button-content-wrapper\">\n\t\t\t\t\t\t\t\t\t<span class=\"elementor-button-text\">Plus<\/span>\n\t\t\t\t\t<\/span>\n\t\t\t\t\t<\/a>\n\t\t\t\t<\/div>\n\t\t\t\t\t\t\t\t<\/div>\n\t\t\t\t<\/div>\n\t\t\t\t<\/div>\n\t\t<div class=\"elementor-element elementor-element-42b5b38 e-con-full e-flex e-con e-child\" data-id=\"42b5b38\" data-element_type=\"container\" data-e-type=\"container\">\n\t\t\t\t<div class=\"elementor-element elementor-element-a085062 elementor-widget elementor-widget-heading\" data-id=\"a085062\" data-element_type=\"widget\" data-e-type=\"widget\" data-widget_type=\"heading.default\">\n\t\t\t\t<div class=\"elementor-widget-container\">\n\t\t\t\t\t<h2 class=\"elementor-heading-title elementor-size-default\">Ensemble vers le succ\u00e8s<\/h2>\t\t\t\t<\/div>\n\t\t\t\t<\/div>\n\t\t\t\t<\/div>\n\t\t\t\t<\/div>\n\t\t\t\t<\/div>\n\t\t<div class=\"elementor-element elementor-element-8556b96 e-con-full e-flex e-con e-child\" data-id=\"8556b96\" data-element_type=\"container\" data-e-type=\"container\">\n\t\t<div class=\"elementor-element elementor-element-5240635 e-con-full e-flex e-con e-child\" data-id=\"5240635\" data-element_type=\"container\" data-e-type=\"container\">\n\t\t<a class=\"elementor-element elementor-element-480b000 e-con-full e-flex e-con e-child\" data-id=\"480b000\" data-element_type=\"container\" data-e-type=\"container\" data-settings=\"{&quot;background_background&quot;:&quot;classic&quot;}\" href=\"https:\/\/sso.wortmann-group.com\/\" target=\"_blank\">\n\t\t\t\t<\/a>\n\t\t<div class=\"elementor-element elementor-element-1b2d820 e-con-full e-flex e-con e-child\" data-id=\"1b2d820\" data-element_type=\"container\" data-e-type=\"container\">\n\t\t\t\t<div class=\"elementor-element elementor-element-8a9317a elementor-widget-tablet__width-auto elementor-widget elementor-widget-heading\" data-id=\"8a9317a\" data-element_type=\"widget\" data-e-type=\"widget\" data-widget_type=\"heading.default\">\n\t\t\t\t<div class=\"elementor-widget-container\">\n\t\t\t\t\t<h2 class=\"elementor-heading-title elementor-size-default\">Shop B2B<\/h2>\t\t\t\t<\/div>\n\t\t\t\t<\/div>\n\t\t\t\t<div class=\"elementor-element elementor-element-c7b1168 elementor-align-right elementor-mobile-align-center elementor-widget-tablet__width-auto elementor-widget elementor-widget-button\" data-id=\"c7b1168\" data-element_type=\"widget\" data-e-type=\"widget\" data-widget_type=\"button.default\">\n\t\t\t\t<div class=\"elementor-widget-container\">\n\t\t\t\t\t\t\t\t\t<div class=\"elementor-button-wrapper\">\n\t\t\t\t\t<a class=\"elementor-button elementor-button-link elementor-size-sm\" href=\"https:\/\/sso.wortmann-group.com\/\" target=\"_blank\">\n\t\t\t\t\t\t<span class=\"elementor-button-content-wrapper\">\n\t\t\t\t\t\t\t\t\t<span class=\"elementor-button-text\">Shop B2B<\/span>\n\t\t\t\t\t<\/span>\n\t\t\t\t\t<\/a>\n\t\t\t\t<\/div>\n\t\t\t\t\t\t\t\t<\/div>\n\t\t\t\t<\/div>\n\t\t\t\t<\/div>\n\t\t<div class=\"elementor-element elementor-element-4721982 e-con-full e-flex e-con e-child\" data-id=\"4721982\" data-element_type=\"container\" data-e-type=\"container\">\n\t\t\t\t<div class=\"elementor-element elementor-element-c709041 elementor-widget elementor-widget-heading\" data-id=\"c709041\" data-element_type=\"widget\" data-e-type=\"widget\" data-widget_type=\"heading.default\">\n\t\t\t\t<div class=\"elementor-widget-container\">\n\t\t\t\t\t<h2 class=\"elementor-heading-title elementor-size-default\">Exclusif pour les partenaires<\/h2>\t\t\t\t<\/div>\n\t\t\t\t<\/div>\n\t\t\t\t<\/div>\n\t\t\t\t<\/div>\n\t\t<div class=\"elementor-element elementor-element-3587799 e-con-full e-flex e-con e-child\" data-id=\"3587799\" data-element_type=\"container\" data-e-type=\"container\">\n\t\t<a class=\"elementor-element elementor-element-40ddc71 e-con-full e-flex e-con e-child\" data-id=\"40ddc71\" data-element_type=\"container\" data-e-type=\"container\" data-settings=\"{&quot;background_background&quot;:&quot;classic&quot;}\" href=\"https:\/\/brand.peter-kaiser.com\/messetermine\/\">\n\t\t\t\t<\/a>\n\t\t<div class=\"elementor-element elementor-element-e9ee1f3 e-con-full e-flex e-con e-child\" data-id=\"e9ee1f3\" data-element_type=\"container\" data-e-type=\"container\">\n\t\t\t\t<div class=\"elementor-element elementor-element-9ba7f7d elementor-widget-tablet__width-auto elementor-widget-mobile__width-auto elementor-widget elementor-widget-heading\" data-id=\"9ba7f7d\" data-element_type=\"widget\" data-e-type=\"widget\" data-widget_type=\"heading.default\">\n\t\t\t\t<div class=\"elementor-widget-container\">\n\t\t\t\t\t<h2 class=\"elementor-heading-title elementor-size-default\">Dates des salons professionnels<\/h2>\t\t\t\t<\/div>\n\t\t\t\t<\/div>\n\t\t\t\t<div class=\"elementor-element elementor-element-56651cd elementor-align-right elementor-mobile-align-center elementor-widget-tablet__width-auto elementor-widget elementor-widget-button\" data-id=\"56651cd\" data-element_type=\"widget\" data-e-type=\"widget\" data-widget_type=\"button.default\">\n\t\t\t\t<div class=\"elementor-widget-container\">\n\t\t\t\t\t\t\t\t\t<div class=\"elementor-button-wrapper\">\n\t\t\t\t\t<a class=\"elementor-button elementor-button-link elementor-size-sm\" href=\"https:\/\/brand.peter-kaiser.com\/fr\/dates-des-salons\/\">\n\t\t\t\t\t\t<span class=\"elementor-button-content-wrapper\">\n\t\t\t\t\t\t\t\t\t<span class=\"elementor-button-text\">Plus<\/span>\n\t\t\t\t\t<\/span>\n\t\t\t\t\t<\/a>\n\t\t\t\t<\/div>\n\t\t\t\t\t\t\t\t<\/div>\n\t\t\t\t<\/div>\n\t\t\t\t<\/div>\n\t\t<div class=\"elementor-element elementor-element-8dfa263 e-con-full e-flex e-con e-child\" data-id=\"8dfa263\" data-element_type=\"container\" data-e-type=\"container\">\n\t\t\t\t<div class=\"elementor-element elementor-element-872da81 elementor-widget elementor-widget-heading\" data-id=\"872da81\" data-element_type=\"widget\" data-e-type=\"widget\" data-widget_type=\"heading.default\">\n\t\t\t\t<div class=\"elementor-widget-container\">\n\t\t\t\t\t<h2 class=\"elementor-heading-title elementor-size-default\">Venez nous rencontrer<\/h2>\t\t\t\t<\/div>\n\t\t\t\t<\/div>\n\t\t\t\t<\/div>\n\t\t\t\t<\/div>\n\t\t\t\t<\/div>\n\t\t\t\t<\/div>\n\t\t\t\t<\/div>\n\t\t","protected":false},"excerpt":{"rendered":"<p>Elever l\u2019iconique PETER KAISER signe un nouveau chapitre de son histoire Nous perp\u00e9tuons l\u2019h\u00e9ritage qui fait la renomm\u00e9e de PETER KAISER depuis 1838, tout en y insufflant l\u2019\u00e9lan de l\u2019innovation. Ce savoir-faire unique \u2013 propre \u00e0 la plus ancienne maison de chaussures pour femmes en Europe \u2013 s\u2019exprime pleinement \u00e0 travers un \u00e9l\u00e9ment fondamental : [&hellip;]<\/p>\n","protected":false},"author":1,"featured_media":0,"parent":0,"menu_order":0,"comment_status":"closed","ping_status":"closed","template":"","meta":{"inline_featured_image":false,"footnotes":""},"class_list":["post-7035","page","type-page","status-publish","hentry"],"yoast_head":"<!-- This site is optimized with the Yoast SEO plugin v27.0 - https:\/\/yoast.com\/product\/yoast-seo-wordpress\/ -->\n<title>B2B - PETER KAISER BRAND<\/title>\n<meta name=\"robots\" content=\"index, follow, max-snippet:-1, max-image-preview:large, max-video-preview:-1\" \/>\n<link rel=\"canonical\" href=\"https:\/\/brand.peter-kaiser.com\/fr\/b2b\/\" \/>\n<meta property=\"og:locale\" content=\"fr_FR\" \/>\n<meta property=\"og:type\" content=\"article\" \/>\n<meta property=\"og:title\" content=\"B2B - PETER KAISER BRAND\" \/>\n<meta property=\"og:description\" content=\"Elever l\u2019iconique PETER KAISER signe un nouveau chapitre de son histoire Nous perp\u00e9tuons l\u2019h\u00e9ritage qui fait la renomm\u00e9e de PETER KAISER depuis 1838, tout en y insufflant l\u2019\u00e9lan de l\u2019innovation. Ce savoir-faire unique \u2013 propre \u00e0 la plus ancienne maison de chaussures pour femmes en Europe \u2013 s\u2019exprime pleinement \u00e0 travers un \u00e9l\u00e9ment fondamental : [&hellip;]\" \/>\n<meta property=\"og:url\" content=\"https:\/\/brand.peter-kaiser.com\/fr\/b2b\/\" \/>\n<meta property=\"og:site_name\" content=\"PETER KAISER BRAND\" \/>\n<meta property=\"article:publisher\" content=\"https:\/\/www.facebook.com\/peterkaiser.de\" \/>\n<meta property=\"article:modified_time\" content=\"2025-08-19T11:28:21+00:00\" \/>\n<meta property=\"og:image\" content=\"https:\/\/brand.peter-kaiser.com\/wp-content\/uploads\/2025\/10\/Screenshot-2025-10-09-103241.png\" \/>\n\t<meta property=\"og:image:width\" content=\"1874\" \/>\n\t<meta property=\"og:image:height\" content=\"898\" \/>\n\t<meta property=\"og:image:type\" content=\"image\/png\" \/>\n<meta name=\"twitter:card\" content=\"summary_large_image\" \/>\n<meta name=\"twitter:label1\" content=\"Dur\u00e9e de lecture estim\u00e9e\" \/>\n\t<meta name=\"twitter:data1\" content=\"1 minute\" \/>\n<script type=\"application\/ld+json\" class=\"yoast-schema-graph\">{\"@context\":\"https:\/\/schema.org\",\"@graph\":[{\"@type\":\"WebPage\",\"@id\":\"https:\/\/brand.peter-kaiser.com\/fr\/b2b\/\",\"url\":\"https:\/\/brand.peter-kaiser.com\/fr\/b2b\/\",\"name\":\"B2B - PETER KAISER BRAND\",\"isPartOf\":{\"@id\":\"https:\/\/brand.peter-kaiser.com\/fr\/#website\"},\"datePublished\":\"2024-07-11T15:08:25+00:00\",\"dateModified\":\"2025-08-19T11:28:21+00:00\",\"breadcrumb\":{\"@id\":\"https:\/\/brand.peter-kaiser.com\/fr\/b2b\/#breadcrumb\"},\"inLanguage\":\"fr-FR\",\"potentialAction\":[{\"@type\":\"ReadAction\",\"target\":[\"https:\/\/brand.peter-kaiser.com\/fr\/b2b\/\"]}]},{\"@type\":\"BreadcrumbList\",\"@id\":\"https:\/\/brand.peter-kaiser.com\/fr\/b2b\/#breadcrumb\",\"itemListElement\":[{\"@type\":\"ListItem\",\"position\":1,\"name\":\"Accueil\",\"item\":\"https:\/\/brand.peter-kaiser.com\/fr\/\"},{\"@type\":\"ListItem\",\"position\":2,\"name\":\"B2B\"}]},{\"@type\":\"WebSite\",\"@id\":\"https:\/\/brand.peter-kaiser.com\/fr\/#website\",\"url\":\"https:\/\/brand.peter-kaiser.com\/fr\/\",\"name\":\"PETER KAISER Brand\",\"description\":\"beatifulsince1838\",\"publisher\":{\"@id\":\"https:\/\/brand.peter-kaiser.com\/fr\/#organization\"},\"alternateName\":\"PETER KAISER Brand\",\"potentialAction\":[{\"@type\":\"SearchAction\",\"target\":{\"@type\":\"EntryPoint\",\"urlTemplate\":\"https:\/\/brand.peter-kaiser.com\/fr\/?s={search_term_string}\"},\"query-input\":{\"@type\":\"PropertyValueSpecification\",\"valueRequired\":true,\"valueName\":\"search_term_string\"}}],\"inLanguage\":\"fr-FR\"},{\"@type\":\"Organization\",\"@id\":\"https:\/\/brand.peter-kaiser.com\/fr\/#organization\",\"name\":\"PETER KAISER BRAND\",\"url\":\"https:\/\/brand.peter-kaiser.com\/fr\/\",\"logo\":{\"@type\":\"ImageObject\",\"inLanguage\":\"fr-FR\",\"@id\":\"https:\/\/brand.peter-kaiser.com\/fr\/#\/schema\/logo\/image\/\",\"url\":\"https:\/\/brand.peter-kaiser.com\/wp-content\/uploads\/2024\/06\/Champagne-PK-Logo-with-Slogan-2.svg\",\"contentUrl\":\"https:\/\/brand.peter-kaiser.com\/wp-content\/uploads\/2024\/06\/Champagne-PK-Logo-with-Slogan-2.svg\",\"width\":100,\"height\":100,\"caption\":\"PETER KAISER BRAND\"},\"image\":{\"@id\":\"https:\/\/brand.peter-kaiser.com\/fr\/#\/schema\/logo\/image\/\"},\"sameAs\":[\"https:\/\/www.facebook.com\/peterkaiser.de\",\"https:\/\/www.instagram.com\/peterkaiser_official\/\",\"https:\/\/www.linkedin.com\/showcase\/peter-kaiser\",\"https:\/\/www.youtube.com\/@PETER-KAISER\"]}]}<\/script>\n<!-- \/ Yoast SEO plugin. -->","yoast_head_json":{"title":"B2B - PETER KAISER BRAND","robots":{"index":"index","follow":"follow","max-snippet":"max-snippet:-1","max-image-preview":"max-image-preview:large","max-video-preview":"max-video-preview:-1"},"canonical":"https:\/\/brand.peter-kaiser.com\/fr\/b2b\/","og_locale":"fr_FR","og_type":"article","og_title":"B2B - PETER KAISER BRAND","og_description":"Elever l\u2019iconique PETER KAISER signe un nouveau chapitre de son histoire Nous perp\u00e9tuons l\u2019h\u00e9ritage qui fait la renomm\u00e9e de PETER KAISER depuis 1838, tout en y insufflant l\u2019\u00e9lan de l\u2019innovation. Ce savoir-faire unique \u2013 propre \u00e0 la plus ancienne maison de chaussures pour femmes en Europe \u2013 s\u2019exprime pleinement \u00e0 travers un \u00e9l\u00e9ment fondamental : [&hellip;]","og_url":"https:\/\/brand.peter-kaiser.com\/fr\/b2b\/","og_site_name":"PETER KAISER BRAND","article_publisher":"https:\/\/www.facebook.com\/peterkaiser.de","article_modified_time":"2025-08-19T11:28:21+00:00","og_image":[{"width":1874,"height":898,"url":"https:\/\/brand.peter-kaiser.com\/wp-content\/uploads\/2025\/10\/Screenshot-2025-10-09-103241.png","type":"image\/png"}],"twitter_card":"summary_large_image","twitter_misc":{"Dur\u00e9e de lecture estim\u00e9e":"1 minute"},"schema":{"@context":"https:\/\/schema.org","@graph":[{"@type":"WebPage","@id":"https:\/\/brand.peter-kaiser.com\/fr\/b2b\/","url":"https:\/\/brand.peter-kaiser.com\/fr\/b2b\/","name":"B2B - PETER KAISER BRAND","isPartOf":{"@id":"https:\/\/brand.peter-kaiser.com\/fr\/#website"},"datePublished":"2024-07-11T15:08:25+00:00","dateModified":"2025-08-19T11:28:21+00:00","breadcrumb":{"@id":"https:\/\/brand.peter-kaiser.com\/fr\/b2b\/#breadcrumb"},"inLanguage":"fr-FR","potentialAction":[{"@type":"ReadAction","target":["https:\/\/brand.peter-kaiser.com\/fr\/b2b\/"]}]},{"@type":"BreadcrumbList","@id":"https:\/\/brand.peter-kaiser.com\/fr\/b2b\/#breadcrumb","itemListElement":[{"@type":"ListItem","position":1,"name":"Accueil","item":"https:\/\/brand.peter-kaiser.com\/fr\/"},{"@type":"ListItem","position":2,"name":"B2B"}]},{"@type":"WebSite","@id":"https:\/\/brand.peter-kaiser.com\/fr\/#website","url":"https:\/\/brand.peter-kaiser.com\/fr\/","name":"PETER KAISER Brand","description":"beatifulsince1838","publisher":{"@id":"https:\/\/brand.peter-kaiser.com\/fr\/#organization"},"alternateName":"PETER KAISER Brand","potentialAction":[{"@type":"SearchAction","target":{"@type":"EntryPoint","urlTemplate":"https:\/\/brand.peter-kaiser.com\/fr\/?s={search_term_string}"},"query-input":{"@type":"PropertyValueSpecification","valueRequired":true,"valueName":"search_term_string"}}],"inLanguage":"fr-FR"},{"@type":"Organization","@id":"https:\/\/brand.peter-kaiser.com\/fr\/#organization","name":"PETER KAISER BRAND","url":"https:\/\/brand.peter-kaiser.com\/fr\/","logo":{"@type":"ImageObject","inLanguage":"fr-FR","@id":"https:\/\/brand.peter-kaiser.com\/fr\/#\/schema\/logo\/image\/","url":"https:\/\/brand.peter-kaiser.com\/wp-content\/uploads\/2024\/06\/Champagne-PK-Logo-with-Slogan-2.svg","contentUrl":"https:\/\/brand.peter-kaiser.com\/wp-content\/uploads\/2024\/06\/Champagne-PK-Logo-with-Slogan-2.svg","width":100,"height":100,"caption":"PETER KAISER BRAND"},"image":{"@id":"https:\/\/brand.peter-kaiser.com\/fr\/#\/schema\/logo\/image\/"},"sameAs":["https:\/\/www.facebook.com\/peterkaiser.de","https:\/\/www.instagram.com\/peterkaiser_official\/","https:\/\/www.linkedin.com\/showcase\/peter-kaiser","https:\/\/www.youtube.com\/@PETER-KAISER"]}]}},"_links":{"self":[{"href":"https:\/\/brand.peter-kaiser.com\/fr\/wp-json\/wp\/v2\/pages\/7035","targetHints":{"allow":["GET"]}}],"collection":[{"href":"https:\/\/brand.peter-kaiser.com\/fr\/wp-json\/wp\/v2\/pages"}],"about":[{"href":"https:\/\/brand.peter-kaiser.com\/fr\/wp-json\/wp\/v2\/types\/page"}],"author":[{"embeddable":true,"href":"https:\/\/brand.peter-kaiser.com\/fr\/wp-json\/wp\/v2\/users\/1"}],"replies":[{"embeddable":true,"href":"https:\/\/brand.peter-kaiser.com\/fr\/wp-json\/wp\/v2\/comments?post=7035"}],"version-history":[{"count":7,"href":"https:\/\/brand.peter-kaiser.com\/fr\/wp-json\/wp\/v2\/pages\/7035\/revisions"}],"predecessor-version":[{"id":8340,"href":"https:\/\/brand.peter-kaiser.com\/fr\/wp-json\/wp\/v2\/pages\/7035\/revisions\/8340"}],"wp:attachment":[{"href":"https:\/\/brand.peter-kaiser.com\/fr\/wp-json\/wp\/v2\/media?parent=7035"}],"curies":[{"name":"wp","href":"https:\/\/api.w.org\/{rel}","templated":true}]}}